{"id":2333,"date":"2024-06-07T17:18:30","date_gmt":"2024-06-07T15:18:30","guid":{"rendered":"https:\/\/interaction-leipzig.de\/neuanfang\/?page_id=2333"},"modified":"2024-07-04T16:13:18","modified_gmt":"2024-07-04T14:13:18","slug":"begegnung","status":"publish","type":"page","link":"https:\/\/interaction-leipzig.de\/neuanfang\/begegnung\/","title":{"rendered":"Begegnung"},"content":{"rendered":"\t\t<div data-elementor-type=\"wp-page\" data-elementor-id=\"2333\" class=\"elementor elementor-2333\" data-elementor-post-type=\"page\">\n\t\t\t\t<div class=\"elementor-element elementor-element-83b8510 e-flex e-con-boxed e-con e-parent\" data-id=\"83b8510\" data-element_type=\"container\" data-settings=\"{&quot;background_background&quot;:&quot;classic&quot;}\">\n\t\t\t\t\t<div class=\"e-con-inner\">\n\t\t\t\t<div class=\"elementor-element elementor-element-59b8bdd elementor-invisible elementor-widget elementor-widget-heading\" data-id=\"59b8bdd\" data-element_type=\"widget\" data-settings=\"{&quot;_animation&quot;:&quot;fadeIn&quot;}\" data-widget_type=\"heading.default\">\n\t\t\t\t<div class=\"elementor-widget-container\">\n\t\t\t<style>\/*! elementor - v3.23.0 - 25-07-2024 *\/\n.elementor-heading-title{padding:0;margin:0;line-height:1}.elementor-widget-heading .elementor-heading-title[class*=elementor-size-]>a{color:inherit;font-size:inherit;line-height:inherit}.elementor-widget-heading .elementor-heading-title.elementor-size-small{font-size:15px}.elementor-widget-heading .elementor-heading-title.elementor-size-medium{font-size:19px}.elementor-widget-heading .elementor-heading-title.elementor-size-large{font-size:29px}.elementor-widget-heading .elementor-heading-title.elementor-size-xl{font-size:39px}.elementor-widget-heading .elementor-heading-title.elementor-size-xxl{font-size:59px}<\/style><h2 class=\"elementor-heading-title elementor-size-default\">Begegnung<\/h2>\t\t<\/div>\n\t\t\t\t<\/div>\n\t\t\t\t\t<\/div>\n\t\t\t\t<\/div>\n\t\t<div class=\"elementor-element elementor-element-c643f0f e-flex e-con-boxed e-con e-parent\" data-id=\"c643f0f\" data-element_type=\"container\" data-settings=\"{&quot;background_background&quot;:&quot;classic&quot;}\">\n\t\t\t\t\t<div class=\"e-con-inner\">\n\t\t\t\t\t<\/div>\n\t\t\t\t<\/div>\n\t\t<div class=\"elementor-element elementor-element-d0e4628 e-flex e-con-boxed e-con e-parent\" data-id=\"d0e4628\" data-element_type=\"container\" data-settings=\"{&quot;background_background&quot;:&quot;classic&quot;}\">\n\t\t\t\t\t<div class=\"e-con-inner\">\n\t\t\t\t\t<\/div>\n\t\t\t\t<\/div>\n\t\t<div class=\"elementor-element elementor-element-b6f920b e-flex e-con-boxed e-con e-parent\" data-id=\"b6f920b\" data-element_type=\"container\">\n\t\t\t\t\t<div class=\"e-con-inner\">\n\t\t\t\t<div class=\"elementor-element elementor-element-805e57b elementor-align-left elementor-widget__width-initial elementor-invisible elementor-widget elementor-widget-button\" data-id=\"805e57b\" data-element_type=\"widget\" data-settings=\"{&quot;_animation&quot;:&quot;fadeIn&quot;}\" data-widget_type=\"button.default\">\n\t\t\t\t<div class=\"elementor-widget-container\">\n\t\t\t\t\t<div class=\"elementor-button-wrapper\">\n\t\t\t<a class=\"elementor-button elementor-button-link elementor-size-sm\" href=\"\/Angebote\/\">\n\t\t\t\t\t\t<span class=\"elementor-button-content-wrapper\">\n\t\t\t\t\t\t<span class=\"elementor-button-icon\">\n\t\t\t\t<svg xmlns=\"http:\/\/www.w3.org\/2000\/svg\" width=\"24\" height=\"24\" viewBox=\"0 0 24 24\" fill=\"none\"><path d=\"M23.3333 10.2083L5.58542 10.2083L13.7375 2.05625L11.6666 0L0 11.6667L11.6666 23.3333L13.7229 21.2771L5.58542 13.125L23.3333 13.125V10.2083Z\" fill=\"black\"><\/path><\/svg>\t\t\t<\/span>\n\t\t\t\t\t\t\t\t\t<span class=\"elementor-button-text\">Zur\u00fcck zu Angebote <\/span>\n\t\t\t\t\t<\/span>\n\t\t\t\t\t<\/a>\n\t\t<\/div>\n\t\t\t\t<\/div>\n\t\t\t\t<\/div>\n\t\t\t\t\t<\/div>\n\t\t\t\t<\/div>\n\t\t<div class=\"elementor-element elementor-element-847f1c7 e-flex e-con-boxed e-con e-parent\" data-id=\"847f1c7\" data-element_type=\"container\">\n\t\t\t\t\t<div class=\"e-con-inner\">\n\t\t<div class=\"elementor-element elementor-element-b73cc5b e-con-full e-flex elementor-invisible e-con e-child\" data-id=\"b73cc5b\" data-element_type=\"container\" data-settings=\"{&quot;animation&quot;:&quot;fadeIn&quot;}\">\n\t\t\t\t<div class=\"elementor-element elementor-element-7a04b64 elementor-invisible elementor-widget elementor-widget-heading\" data-id=\"7a04b64\" data-element_type=\"widget\" data-settings=\"{&quot;_animation&quot;:&quot;fadeIn&quot;}\" data-widget_type=\"heading.default\">\n\t\t\t\t<div class=\"elementor-widget-container\">\n\t\t\t<h2 class=\"elementor-heading-title elementor-size-default\">Events und Begegnungsr\u00e4ume<\/h2>\t\t<\/div>\n\t\t\t\t<\/div>\n\t\t\t\t<\/div>\n\t\t\t\t\t<\/div>\n\t\t\t\t<\/div>\n\t\t<div class=\"elementor-element elementor-element-2c998d0 e-flex e-con-boxed e-con e-parent\" data-id=\"2c998d0\" data-element_type=\"container\">\n\t\t\t\t\t<div class=\"e-con-inner\">\n\t\t\t\t<div class=\"elementor-element elementor-element-58d2709 elementor-posts--thumbnail-top elementor-grid-3 elementor-grid-tablet-2 elementor-grid-mobile-1 elementor-widget elementor-widget-posts\" data-id=\"58d2709\" data-element_type=\"widget\" data-settings=\"{&quot;custom_columns&quot;:&quot;3&quot;,&quot;custom_columns_tablet&quot;:&quot;2&quot;,&quot;custom_columns_mobile&quot;:&quot;1&quot;,&quot;custom_row_gap&quot;:{&quot;unit&quot;:&quot;px&quot;,&quot;size&quot;:35,&quot;sizes&quot;:[]},&quot;custom_row_gap_tablet&quot;:{&quot;unit&quot;:&quot;px&quot;,&quot;size&quot;:&quot;&quot;,&quot;sizes&quot;:[]},&quot;custom_row_gap_mobile&quot;:{&quot;unit&quot;:&quot;px&quot;,&quot;size&quot;:&quot;&quot;,&quot;sizes&quot;:[]}}\" data-widget_type=\"posts.custom\">\n\t\t\t\t<div class=\"elementor-widget-container\">\n\t\t\t<link rel=\"stylesheet\" href=\"https:\/\/interaction-leipzig.de\/neuanfang\/wp-content\/plugins\/elementor-pro\/assets\/css\/widget-posts.min.css?ver=1721658924\">      <div class=\"ecs-posts elementor-posts-container elementor-posts   elementor-grid elementor-posts--skin-custom\" data-settings=\"{&quot;current_page&quot;:1,&quot;max_num_pages&quot;:1,&quot;load_method&quot;:&quot;numbers&quot;,&quot;widget_id&quot;:&quot;58d2709&quot;,&quot;post_id&quot;:2333,&quot;theme_id&quot;:2333,&quot;change_url&quot;:false,&quot;reinit_js&quot;:false}\">\n      \t\t<article id=\"post-2514\" class=\"elementor-post elementor-grid-item ecs-post-loop post-2514 post type-post status-publish format-standard has-post-thumbnail hentry category-begegnung tag-gefluechtete tag-hildebrandpark tag-integration tag-kultur tag-nebenan-kiezfest tag-vielfalt tag-zusammenhalt\">\n\t\t\t\t<div data-elementor-type=\"loop\" data-elementor-id=\"1860\" class=\"elementor elementor-1860 post-2514 post type-post status-publish format-standard has-post-thumbnail hentry category-begegnung tag-gefluechtete tag-hildebrandpark tag-integration tag-kultur tag-nebenan-kiezfest tag-vielfalt tag-zusammenhalt\" data-elementor-post-type=\"elementor_library\">\n\t\t\t<div class=\"elementor-element elementor-element-2bc63b0 e-flex e-con-boxed e-con e-parent\" data-id=\"2bc63b0\" data-element_type=\"container\" data-settings=\"{&quot;background_background&quot;:&quot;classic&quot;}\">\n\t\t\t\t\t<div class=\"e-con-inner\">\n\t\t<div class=\"elementor-element elementor-element-75387a5 e-con-full e-flex e-con e-child\" data-id=\"75387a5\" data-element_type=\"container\" data-settings=\"{&quot;background_background&quot;:&quot;classic&quot;}\">\n\t\t\t\t<div class=\"elementor-element elementor-element-13d4122 elementor-widget elementor-widget-image\" data-id=\"13d4122\" data-element_type=\"widget\" data-widget_type=\"image.default\">\n\t\t\t\t<div class=\"elementor-widget-container\">\n\t\t\t<style>\/*! elementor - v3.23.0 - 25-07-2024 *\/\n.elementor-widget-image{text-align:center}.elementor-widget-image a{display:inline-block}.elementor-widget-image a img[src$=\".svg\"]{width:48px}.elementor-widget-image img{vertical-align:middle;display:inline-block}<\/style>\t\t\t\t\t\t\t\t\t\t<img fetchpriority=\"high\" decoding=\"async\" width=\"2560\" height=\"1922\" src=\"https:\/\/interaction-leipzig.de\/neuanfang\/wp-content\/uploads\/2024\/06\/PXL_20230930_104617883.MP_-scaled.jpg\" class=\"attachment-full size-full wp-image-2518\" alt=\"\" srcset=\"https:\/\/interaction-leipzig.de\/neuanfang\/wp-content\/uploads\/2024\/06\/PXL_20230930_104617883.MP_-scaled.jpg 2560w, https:\/\/interaction-leipzig.de\/neuanfang\/wp-content\/uploads\/2024\/06\/PXL_20230930_104617883.MP_-300x225.jpg 300w, https:\/\/interaction-leipzig.de\/neuanfang\/wp-content\/uploads\/2024\/06\/PXL_20230930_104617883.MP_-1024x769.jpg 1024w, https:\/\/interaction-leipzig.de\/neuanfang\/wp-content\/uploads\/2024\/06\/PXL_20230930_104617883.MP_-768x577.jpg 768w, https:\/\/interaction-leipzig.de\/neuanfang\/wp-content\/uploads\/2024\/06\/PXL_20230930_104617883.MP_-1536x1153.jpg 1536w, https:\/\/interaction-leipzig.de\/neuanfang\/wp-content\/uploads\/2024\/06\/PXL_20230930_104617883.MP_-2048x1538.jpg 2048w, https:\/\/interaction-leipzig.de\/neuanfang\/wp-content\/uploads\/2024\/06\/PXL_20230930_104617883.MP_-600x451.jpg 600w\" sizes=\"(max-width: 2560px) 100vw, 2560px\" \/>\t\t\t\t\t\t\t\t\t\t\t\t\t<\/div>\n\t\t\t\t<\/div>\n\t\t\t\t<\/div>\n\t\t<div class=\"elementor-element elementor-element-e2f3e48 e-con-full e-flex e-con e-child\" data-id=\"e2f3e48\" data-element_type=\"container\">\n\t\t<div class=\"elementor-element elementor-element-837ac7a e-con-full e-flex e-con e-child\" data-id=\"837ac7a\" data-element_type=\"container\">\n\t\t\t\t<div class=\"elementor-element elementor-element-a71fba9 elementor-widget elementor-widget-post-info\" data-id=\"a71fba9\" data-element_type=\"widget\" data-widget_type=\"post-info.default\">\n\t\t\t\t<div class=\"elementor-widget-container\">\n\t\t\t<link rel=\"stylesheet\" href=\"https:\/\/interaction-leipzig.de\/neuanfang\/wp-content\/plugins\/elementor\/assets\/css\/widget-icon-list.min.css\"><link rel=\"stylesheet\" href=\"https:\/\/interaction-leipzig.de\/neuanfang\/wp-content\/plugins\/elementor-pro\/assets\/css\/widget-theme-elements.min.css?ver=1721658924\">\t\t<ul class=\"elementor-inline-items elementor-icon-list-items elementor-post-info\">\n\t\t\t\t\t\t\t\t<li class=\"elementor-icon-list-item elementor-repeater-item-454a2d1 elementor-inline-item\">\n\t\t\t\t\t\t<a href=\"https:\/\/interaction-leipzig.de\/neuanfang\/nebenan-kiezfest-vielfalt-und-zusammenhalt-im-hildebrandpark\/\">\n\t\t\t\t\t\t\t\t\t\t\t\t\t\t<span class=\"elementor-icon-list-text elementor-post-info__item elementor-post-info__item--type-custom\">\n\t\t\t\t\t\t\t\t\t\t2023\t\t\t\t\t<\/span>\n\t\t\t\t\t\t\t\t\t<\/a>\n\t\t\t\t<\/li>\n\t\t\t\t<\/ul>\n\t\t\t\t<\/div>\n\t\t\t\t<\/div>\n\t\t\t\t<div class=\"elementor-element elementor-element-e2c8933 elementor-widget elementor-widget-theme-post-title elementor-page-title elementor-widget-heading\" data-id=\"e2c8933\" data-element_type=\"widget\" data-widget_type=\"theme-post-title.default\">\n\t\t\t\t<div class=\"elementor-widget-container\">\n\t\t\t<style>\/*! elementor - v3.23.0 - 25-07-2024 *\/\n.elementor-heading-title{padding:0;margin:0;line-height:1}.elementor-widget-heading .elementor-heading-title[class*=elementor-size-]>a{color:inherit;font-size:inherit;line-height:inherit}.elementor-widget-heading .elementor-heading-title.elementor-size-small{font-size:15px}.elementor-widget-heading .elementor-heading-title.elementor-size-medium{font-size:19px}.elementor-widget-heading .elementor-heading-title.elementor-size-large{font-size:29px}.elementor-widget-heading .elementor-heading-title.elementor-size-xl{font-size:39px}.elementor-widget-heading .elementor-heading-title.elementor-size-xxl{font-size:59px}<\/style><h1 class=\"elementor-heading-title elementor-size-default\"><a href=\"https:\/\/interaction-leipzig.de\/neuanfang\/nebenan-kiezfest-vielfalt-und-zusammenhalt-im-hildebrandpark\/\">NEBENAN-Kiezfest<\/a><\/h1>\t\t<\/div>\n\t\t\t\t<\/div>\n\t\t\t\t<\/div>\n\t\t<div class=\"elementor-element elementor-element-c3c1fbf e-con-full e-flex e-con e-child\" data-id=\"c3c1fbf\" data-element_type=\"container\">\n\t\t\t\t<div class=\"elementor-element elementor-element-8172913 elementor-view-default elementor-widget elementor-widget-icon\" data-id=\"8172913\" data-element_type=\"widget\" data-widget_type=\"icon.default\">\n\t\t\t\t<div class=\"elementor-widget-container\">\n\t\t\t\t\t<div class=\"elementor-icon-wrapper\">\n\t\t\t<a class=\"elementor-icon\" href=\"https:\/\/interaction-leipzig.de\/neuanfang\/nebenan-kiezfest-vielfalt-und-zusammenhalt-im-hildebrandpark\/\">\n\t\t\t<svg xmlns=\"http:\/\/www.w3.org\/2000\/svg\" width=\"24\" height=\"24\" viewBox=\"0 0 24 24\" fill=\"none\"><path d=\"M-7.34942e-05 13.1252L17.7478 13.1252L9.59573 21.2772L11.6666 23.3335L23.3333 11.6668L11.6666 0.000180178L9.61033 2.05638L17.7478 10.2085L-7.32392e-05 10.2085L-7.34942e-05 13.1252Z\" fill=\"black\"><\/path><\/svg>\t\t\t<\/a>\n\t\t<\/div>\n\t\t\t\t<\/div>\n\t\t\t\t<\/div>\n\t\t\t\t<\/div>\n\t\t\t\t<\/div>\n\t\t\t\t\t<\/div>\n\t\t\t\t<\/div>\n\t\t\t\t<\/div>\n\t\t\t\t<\/article>\n\t\t\t\t<article id=\"post-2498\" class=\"elementor-post elementor-grid-item ecs-post-loop post-2498 post type-post status-publish format-standard has-post-thumbnail hentry category-begegnung\">\n\t\t\t\t<div data-elementor-type=\"loop\" data-elementor-id=\"1860\" class=\"elementor elementor-1860 post-2498 post type-post status-publish format-standard has-post-thumbnail hentry category-begegnung\" data-elementor-post-type=\"elementor_library\">\n\t\t\t<div class=\"elementor-element elementor-element-2bc63b0 e-flex e-con-boxed e-con e-parent\" data-id=\"2bc63b0\" data-element_type=\"container\" data-settings=\"{&quot;background_background&quot;:&quot;classic&quot;}\">\n\t\t\t\t\t<div class=\"e-con-inner\">\n\t\t<div class=\"elementor-element elementor-element-75387a5 e-con-full e-flex e-con e-child\" data-id=\"75387a5\" data-element_type=\"container\" data-settings=\"{&quot;background_background&quot;:&quot;classic&quot;}\">\n\t\t\t\t<div class=\"elementor-element elementor-element-13d4122 elementor-widget elementor-widget-image\" data-id=\"13d4122\" data-element_type=\"widget\" data-widget_type=\"image.default\">\n\t\t\t\t<div class=\"elementor-widget-container\">\n\t\t\t\t\t\t\t\t\t\t\t\t\t<img decoding=\"async\" width=\"1200\" height=\"630\" src=\"https:\/\/interaction-leipzig.de\/neuanfang\/wp-content\/uploads\/2023\/07\/Facebook-Event-08.08.-UKR.png\" class=\"attachment-full size-full wp-image-1284\" alt=\"\" srcset=\"https:\/\/interaction-leipzig.de\/neuanfang\/wp-content\/uploads\/2023\/07\/Facebook-Event-08.08.-UKR.png 1200w, https:\/\/interaction-leipzig.de\/neuanfang\/wp-content\/uploads\/2023\/07\/Facebook-Event-08.08.-UKR-300x158.png 300w, https:\/\/interaction-leipzig.de\/neuanfang\/wp-content\/uploads\/2023\/07\/Facebook-Event-08.08.-UKR-1024x538.png 1024w, https:\/\/interaction-leipzig.de\/neuanfang\/wp-content\/uploads\/2023\/07\/Facebook-Event-08.08.-UKR-768x403.png 768w\" sizes=\"(max-width: 1200px) 100vw, 1200px\" \/>\t\t\t\t\t\t\t\t\t\t\t\t\t<\/div>\n\t\t\t\t<\/div>\n\t\t\t\t<\/div>\n\t\t<div class=\"elementor-element elementor-element-e2f3e48 e-con-full e-flex e-con e-child\" data-id=\"e2f3e48\" data-element_type=\"container\">\n\t\t<div class=\"elementor-element elementor-element-837ac7a e-con-full e-flex e-con e-child\" data-id=\"837ac7a\" data-element_type=\"container\">\n\t\t\t\t<div class=\"elementor-element elementor-element-a71fba9 elementor-widget elementor-widget-post-info\" data-id=\"a71fba9\" data-element_type=\"widget\" data-widget_type=\"post-info.default\">\n\t\t\t\t<div class=\"elementor-widget-container\">\n\t\t\t\t\t<ul class=\"elementor-inline-items elementor-icon-list-items elementor-post-info\">\n\t\t\t\t\t\t\t\t<li class=\"elementor-icon-list-item elementor-repeater-item-454a2d1 elementor-inline-item\">\n\t\t\t\t\t\t<a href=\"https:\/\/interaction-leipzig.de\/neuanfang\/raum-fuer-dich-begegnung-kreativitaet-gemeinschaft-fuer-gefluechtete\/\">\n\t\t\t\t\t\t\t\t\t\t\t\t\t\t<span class=\"elementor-icon-list-text elementor-post-info__item elementor-post-info__item--type-custom\">\n\t\t\t\t\t\t\t\t\t\t2022\t\t\t\t\t<\/span>\n\t\t\t\t\t\t\t\t\t<\/a>\n\t\t\t\t<\/li>\n\t\t\t\t<\/ul>\n\t\t\t\t<\/div>\n\t\t\t\t<\/div>\n\t\t\t\t<div class=\"elementor-element elementor-element-e2c8933 elementor-widget elementor-widget-theme-post-title elementor-page-title elementor-widget-heading\" data-id=\"e2c8933\" data-element_type=\"widget\" data-widget_type=\"theme-post-title.default\">\n\t\t\t\t<div class=\"elementor-widget-container\">\n\t\t\t<h1 class=\"elementor-heading-title elementor-size-default\"><a href=\"https:\/\/interaction-leipzig.de\/neuanfang\/raum-fuer-dich-begegnung-kreativitaet-gemeinschaft-fuer-gefluechtete\/\">Raum f\u00fcr Dich &#8211; Ein Ort f\u00fcr Begegnung, Kreativit\u00e4t und Vielfalt<\/a><\/h1>\t\t<\/div>\n\t\t\t\t<\/div>\n\t\t\t\t<\/div>\n\t\t<div class=\"elementor-element elementor-element-c3c1fbf e-con-full e-flex e-con e-child\" data-id=\"c3c1fbf\" data-element_type=\"container\">\n\t\t\t\t<div class=\"elementor-element elementor-element-8172913 elementor-view-default elementor-widget elementor-widget-icon\" data-id=\"8172913\" data-element_type=\"widget\" data-widget_type=\"icon.default\">\n\t\t\t\t<div class=\"elementor-widget-container\">\n\t\t\t\t\t<div class=\"elementor-icon-wrapper\">\n\t\t\t<a class=\"elementor-icon\" href=\"https:\/\/interaction-leipzig.de\/neuanfang\/raum-fuer-dich-begegnung-kreativitaet-gemeinschaft-fuer-gefluechtete\/\">\n\t\t\t<svg xmlns=\"http:\/\/www.w3.org\/2000\/svg\" width=\"24\" height=\"24\" viewBox=\"0 0 24 24\" fill=\"none\"><path d=\"M-7.34942e-05 13.1252L17.7478 13.1252L9.59573 21.2772L11.6666 23.3335L23.3333 11.6668L11.6666 0.000180178L9.61033 2.05638L17.7478 10.2085L-7.32392e-05 10.2085L-7.34942e-05 13.1252Z\" fill=\"black\"><\/path><\/svg>\t\t\t<\/a>\n\t\t<\/div>\n\t\t\t\t<\/div>\n\t\t\t\t<\/div>\n\t\t\t\t<\/div>\n\t\t\t\t<\/div>\n\t\t\t\t\t<\/div>\n\t\t\t\t<\/div>\n\t\t\t\t<\/div>\n\t\t\t\t<\/article>\n\t\t\t\t<\/div>\n\t\t\t\t<\/div>\n\t\t\t\t<\/div>\n\t\t\t\t\t<\/div>\n\t\t\t\t<\/div>\n\t\t\t\t<\/div>\n\t\t","protected":false},"excerpt":{"rendered":"<p>Begegnung Zur\u00fcck zu Angebote Events und Begegnungsr\u00e4ume<\/p>\n","protected":false},"author":12,"featured_media":0,"parent":0,"menu_order":0,"comment_status":"closed","ping_status":"closed","template":"page-templates\/template-pagebuilder-full-width.php","meta":{"_acf_changed":false,"footnotes":""},"class_list":["post-2333","page","type-page","status-publish","hentry"],"acf":[],"_links":{"self":[{"href":"https:\/\/interaction-leipzig.de\/neuanfang\/wp-json\/wp\/v2\/pages\/2333","targetHints":{"allow":["GET"]}}],"collection":[{"href":"https:\/\/interaction-leipzig.de\/neuanfang\/wp-json\/wp\/v2\/pages"}],"about":[{"href":"https:\/\/interaction-leipzig.de\/neuanfang\/wp-json\/wp\/v2\/types\/page"}],"author":[{"embeddable":true,"href":"https:\/\/interaction-leipzig.de\/neuanfang\/wp-json\/wp\/v2\/users\/12"}],"replies":[{"embeddable":true,"href":"https:\/\/interaction-leipzig.de\/neuanfang\/wp-json\/wp\/v2\/comments?post=2333"}],"version-history":[{"count":19,"href":"https:\/\/interaction-leipzig.de\/neuanfang\/wp-json\/wp\/v2\/pages\/2333\/revisions"}],"predecessor-version":[{"id":2985,"href":"https:\/\/interaction-leipzig.de\/neuanfang\/wp-json\/wp\/v2\/pages\/2333\/revisions\/2985"}],"wp:attachment":[{"href":"https:\/\/interaction-leipzig.de\/neuanfang\/wp-json\/wp\/v2\/media?parent=2333"}],"curies":[{"name":"wp","href":"https:\/\/api.w.org\/{rel}","templated":true}]}}