{"id":1631,"date":"2024-06-03T17:39:19","date_gmt":"2024-06-03T15:39:19","guid":{"rendered":"https:\/\/interaction-leipzig.de\/neuanfang\/?page_id=1631"},"modified":"2024-07-04T15:29:54","modified_gmt":"2024-07-04T13:29:54","slug":"spenden-2","status":"publish","type":"page","link":"https:\/\/interaction-leipzig.de\/neuanfang\/spenden-2\/","title":{"rendered":"Spenden"},"content":{"rendered":"\t\t<div data-elementor-type=\"wp-page\" data-elementor-id=\"1631\" class=\"elementor elementor-1631\" data-elementor-post-type=\"page\">\n\t\t\t\t<div class=\"elementor-element elementor-element-eff94d8 e-flex e-con-boxed e-con e-parent\" data-id=\"eff94d8\" data-element_type=\"container\" data-settings=\"{&quot;background_background&quot;:&quot;classic&quot;}\">\n\t\t\t\t\t<div class=\"e-con-inner\">\n\t\t\t\t<div class=\"elementor-element elementor-element-fd0bd98 elementor-invisible elementor-widget elementor-widget-heading\" data-id=\"fd0bd98\" data-element_type=\"widget\" data-settings=\"{&quot;_animation&quot;:&quot;fadeIn&quot;}\" data-widget_type=\"heading.default\">\n\t\t\t\t<div class=\"elementor-widget-container\">\n\t\t\t<style>\/*! elementor - v3.23.0 - 25-07-2024 *\/\n.elementor-heading-title{padding:0;margin:0;line-height:1}.elementor-widget-heading .elementor-heading-title[class*=elementor-size-]>a{color:inherit;font-size:inherit;line-height:inherit}.elementor-widget-heading .elementor-heading-title.elementor-size-small{font-size:15px}.elementor-widget-heading .elementor-heading-title.elementor-size-medium{font-size:19px}.elementor-widget-heading .elementor-heading-title.elementor-size-large{font-size:29px}.elementor-widget-heading .elementor-heading-title.elementor-size-xl{font-size:39px}.elementor-widget-heading .elementor-heading-title.elementor-size-xxl{font-size:59px}<\/style><h2 class=\"elementor-heading-title elementor-size-default\">Spenden<\/h2>\t\t<\/div>\n\t\t\t\t<\/div>\n\t\t\t\t\t<\/div>\n\t\t\t\t<\/div>\n\t\t<div class=\"elementor-element elementor-element-f3171a8 e-flex e-con-boxed e-con e-parent\" data-id=\"f3171a8\" data-element_type=\"container\" data-settings=\"{&quot;background_background&quot;:&quot;classic&quot;}\">\n\t\t\t\t\t<div class=\"e-con-inner\">\n\t\t\t\t<div class=\"elementor-element elementor-element-108f144 elementor-widget__width-initial elementor-widget elementor-widget-text-editor\" data-id=\"108f144\" data-element_type=\"widget\" data-widget_type=\"text-editor.default\">\n\t\t\t\t<div class=\"elementor-widget-container\">\n\t\t\t<style>\/*! elementor - v3.23.0 - 25-07-2024 *\/\n.elementor-widget-text-editor.elementor-drop-cap-view-stacked .elementor-drop-cap{background-color:#69727d;color:#fff}.elementor-widget-text-editor.elementor-drop-cap-view-framed .elementor-drop-cap{color:#69727d;border:3px solid;background-color:transparent}.elementor-widget-text-editor:not(.elementor-drop-cap-view-default) .elementor-drop-cap{margin-top:8px}.elementor-widget-text-editor:not(.elementor-drop-cap-view-default) .elementor-drop-cap-letter{width:1em;height:1em}.elementor-widget-text-editor .elementor-drop-cap{float:left;text-align:center;line-height:1;font-size:50px}.elementor-widget-text-editor .elementor-drop-cap-letter{display:inline-block}<\/style>\t\t\t\t<p><span data-metadata=\"&lt;!--(figmeta)eyJmaWxlS2V5IjoiSFpKQTRFdWRybnJ4aW5kRGlISVZ3TCIsInBhc3RlSUQiOjE5ODQwNzgwNDMsImRhdGFUeXBlIjoic2NlbmUifQo=(\/figmeta)--&gt;\"><\/span>Deine Spende f\u00fcr Empowerment, Partizipation und eine vielf\u00e4ltige Gesellschaft<\/p>\t\t\t\t\t\t<\/div>\n\t\t\t\t<\/div>\n\t\t\t\t\t<\/div>\n\t\t\t\t<\/div>\n\t\t<div class=\"elementor-element elementor-element-a7e9d89 e-flex e-con-boxed e-con e-parent\" data-id=\"a7e9d89\" data-element_type=\"container\">\n\t\t\t\t\t<div class=\"e-con-inner\">\n\t\t\t\t<div class=\"elementor-element elementor-element-8c9bbe6 elementor-widget__width-initial elementor-invisible elementor-widget elementor-widget-text-editor\" data-id=\"8c9bbe6\" data-element_type=\"widget\" data-settings=\"{&quot;_animation&quot;:&quot;fadeIn&quot;}\" data-widget_type=\"text-editor.default\">\n\t\t\t\t<div class=\"elementor-widget-container\">\n\t\t\t\t\t\t\t<p><span>Seit der Gr\u00fcndung des Vereins im Jahr 2015 setzt sich interaction Leipzig e.V. f\u00fcr Empowerment und Partizipation aller Menschen in Leipzig ein. Jedes Jahr stellen mehr als 20 Vereinsmitglieder und inzwischen \u00fcber 250 Ehrenamtliche ein vielf\u00e4ltiges Programm f\u00fcr eine tolerante und offene Stadtgesellschaft auf die Beine. interaction Leipzig e.V. schafft Veranstaltungen, von uns\u00a0<\/span><i><span>interactions<\/span><\/i><span>\u00a0genannt, bei denen sich Menschen begegnen und voneinander lernen \u2013 und das unabh\u00e4ngig von ihrem Alter, ihren Sprachkenntnissen oder Staatsangeh\u00f6rigkeiten.\u00a0<\/span><\/p><p><span>Deine Spende hilft uns dabei, dass wir auch in Zukunft einen Beitrag zu einer lebendigen und gemeinsam gestalteten Stadt leisten k\u00f6nnen. Unterst\u00fctze uns mit einer Spende \u2013 egal, ob gro\u00df oder klein \u2013 und nat\u00fcrlich freuen wir uns, wenn du unser Anliegen an Freund*innen oder Verwandte weiterleitest, die unsere Aktionen auch unterst\u00fctzen m\u00f6chten.<\/span><\/p>\t\t\t\t\t\t<\/div>\n\t\t\t\t<\/div>\n\t\t\t\t\t<\/div>\n\t\t\t\t<\/div>\n\t\t<div class=\"elementor-element elementor-element-2f0e71e e-flex e-con-boxed e-con e-parent\" data-id=\"2f0e71e\" data-element_type=\"container\">\n\t\t\t\t\t<div class=\"e-con-inner\">\n\t\t<div class=\"elementor-element elementor-element-9d49218 e-con-full e-flex elementor-invisible e-con e-child\" data-id=\"9d49218\" data-element_type=\"container\" data-settings=\"{&quot;animation&quot;:&quot;fadeIn&quot;}\">\n\t\t\t\t<div class=\"elementor-element elementor-element-b0352c5 elementor-invisible elementor-widget elementor-widget-heading\" data-id=\"b0352c5\" data-element_type=\"widget\" data-settings=\"{&quot;_animation&quot;:&quot;fadeIn&quot;}\" data-widget_type=\"heading.default\">\n\t\t\t\t<div class=\"elementor-widget-container\">\n\t\t\t<h2 class=\"elementor-heading-title elementor-size-default\">Was machen wir mit den Spenden?<\/h2>\t\t<\/div>\n\t\t\t\t<\/div>\n\t\t\t\t<div class=\"elementor-element elementor-element-cff9d66 elementor-widget__width-initial elementor-invisible elementor-widget elementor-widget-text-editor\" data-id=\"cff9d66\" data-element_type=\"widget\" data-settings=\"{&quot;_animation&quot;:&quot;fadeIn&quot;}\" data-widget_type=\"text-editor.default\">\n\t\t\t\t<div class=\"elementor-widget-container\">\n\t\t\t\t\t\t\t<p><span>Mit deiner Spende unterst\u00fctzt du uns bei unserer Arbeit und erm\u00f6glichst Begegnungen von Menschen mit und ohne Flucht- und Migrationserfahrungen auf Augenh\u00f6he, Empowerment und Teilhabe. Durch die Kontakte und sozialen Netzwerke, die unser Verein den Teilnehmenden bietet, unterst\u00fctzen wir auch bei der Jobsuche, dem Start ins Studium oder bei der Suche nach einer passenden Beratungsstelle. Hier k\u00f6nnen wir bereits auf diverse Erfolgsgeschichten zur\u00fcckblicken.<\/span><\/p><p><span>Falls deine Spende oder die von Freund*innen und Familie eine bestimmte\u00a0<\/span><i><span>interaction<\/span><\/i><span>\u00a0f\u00f6rdern sollen oder du wissen m\u00f6chtest, was genau deine Spende unterst\u00fctzt, dann schreib uns gerne eine E-Mail oder ruf uns an.\u00a0<\/span><\/p><p><span>Werde\u00a0<\/span><b>F\u00f6rdermitglied<\/b><span>\u00a0und unterst\u00fctze uns nachhaltig! Wir informieren dich gerne \u00fcber die M\u00f6glichkeit einer F\u00f6rdermitgliedschaft.<\/span><\/p>\t\t\t\t\t\t<\/div>\n\t\t\t\t<\/div>\n\t\t\t\t<\/div>\n\t\t\t\t\t<\/div>\n\t\t\t\t<\/div>\n\t\t<div class=\"elementor-element elementor-element-83ca2b8 e-flex e-con-boxed e-con e-parent\" data-id=\"83ca2b8\" data-element_type=\"container\">\n\t\t\t\t\t<div class=\"e-con-inner\">\n\t\t<div class=\"elementor-element elementor-element-20b9764 e-con-full e-flex elementor-invisible e-con e-child\" data-id=\"20b9764\" data-element_type=\"container\" data-settings=\"{&quot;animation&quot;:&quot;fadeIn&quot;}\">\n\t\t\t\t<div class=\"elementor-element elementor-element-9f9d462 elementor-invisible elementor-widget elementor-widget-heading\" data-id=\"9f9d462\" data-element_type=\"widget\" data-settings=\"{&quot;_animation&quot;:&quot;fadeIn&quot;}\" data-widget_type=\"heading.default\">\n\t\t\t\t<div class=\"elementor-widget-container\">\n\t\t\t<h2 class=\"elementor-heading-title elementor-size-default\">Spendenkonto<\/h2>\t\t<\/div>\n\t\t\t\t<\/div>\n\t\t\t\t<div class=\"elementor-element elementor-element-558c2a2 elementor-widget__width-initial custom-link elementor-invisible elementor-widget elementor-widget-text-editor\" data-id=\"558c2a2\" data-element_type=\"widget\" data-settings=\"{&quot;_animation&quot;:&quot;fadeIn&quot;}\" data-widget_type=\"text-editor.default\">\n\t\t\t\t<div class=\"elementor-widget-container\">\n\t\t\t\t\t\t\t<p><span>interaction Leipzig e.V.<\/span><span><br \/><\/span><b>IBAN:\u00a0<\/b><span>\u00a0DE10 4306 0967 1184 2975 00<\/span><span><br \/><\/span><b>BIC:\u00a0<\/b><span>\u00a0GENODEM1GLS<\/span><span><br \/><\/span><span>GLS Gemeinschaftsbank eG<\/span><span><br \/><\/span><span><br \/><\/span><span>Wir stellen gerne eine Spendenquittung aus. Bitte dazu einfach eine Adresse im Verwendungszweck mit angeben.<\/span><span><br \/><\/span><span><br \/><\/span><span>Noch einfacher geht es \u00fcber unsere\u00a0<\/span><a href=\"https:\/\/www.betterplace.org\/de\/projects\/37115-interaction-leipzig-e-v\"><span>betterplace-Seite<\/span><\/a>.<\/p>\t\t\t\t\t\t<\/div>\n\t\t\t\t<\/div>\n\t\t\t\t<\/div>\n\t\t\t\t\t<\/div>\n\t\t\t\t<\/div>\n\t\t<div class=\"elementor-element elementor-element-aab393f e-flex e-con-boxed e-con e-parent\" data-id=\"aab393f\" data-element_type=\"container\" data-settings=\"{&quot;background_background&quot;:&quot;classic&quot;}\">\n\t\t\t\t\t<div class=\"e-con-inner\">\n\t\t<div class=\"elementor-element elementor-element-1d1445f e-con-full e-flex e-con e-child\" data-id=\"1d1445f\" data-element_type=\"container\">\n\t\t\t\t<div class=\"elementor-element elementor-element-746dee6 elementor-widget elementor-widget-image\" data-id=\"746dee6\" data-element_type=\"widget\" data-widget_type=\"image.default\">\n\t\t\t\t<div class=\"elementor-widget-container\">\n\t\t\t\t\t\t\t\t\t\t\t\t\t<img fetchpriority=\"high\" decoding=\"async\" width=\"700\" height=\"467\" src=\"https:\/\/interaction-leipzig.de\/neuanfang\/wp-content\/uploads\/2024\/06\/20181010_Many-More-Wilhelm-Leuschner-Platz-Foto-Cihan-Cakmak_small.jpg\" class=\"attachment-large size-large wp-image-1637\" alt=\"\" srcset=\"https:\/\/interaction-leipzig.de\/neuanfang\/wp-content\/uploads\/2024\/06\/20181010_Many-More-Wilhelm-Leuschner-Platz-Foto-Cihan-Cakmak_small.jpg 700w, https:\/\/interaction-leipzig.de\/neuanfang\/wp-content\/uploads\/2024\/06\/20181010_Many-More-Wilhelm-Leuschner-Platz-Foto-Cihan-Cakmak_small-300x200.jpg 300w, https:\/\/interaction-leipzig.de\/neuanfang\/wp-content\/uploads\/2024\/06\/20181010_Many-More-Wilhelm-Leuschner-Platz-Foto-Cihan-Cakmak_small-360x240.jpg 360w, https:\/\/interaction-leipzig.de\/neuanfang\/wp-content\/uploads\/2024\/06\/20181010_Many-More-Wilhelm-Leuschner-Platz-Foto-Cihan-Cakmak_small-600x400.jpg 600w\" sizes=\"(max-width: 700px) 100vw, 700px\" \/>\t\t\t\t\t\t\t\t\t\t\t\t\t<\/div>\n\t\t\t\t<\/div>\n\t\t\t\t<div class=\"elementor-element elementor-element-4504113 elementor-widget elementor-widget-text-editor\" data-id=\"4504113\" data-element_type=\"widget\" data-widget_type=\"text-editor.default\">\n\t\t\t\t<div class=\"elementor-widget-container\">\n\t\t\t\t\t\t\t<p>Interaktive Installation many more auf dem Wilhelm-Leuschner-Platz Leipzig, Oktober 2018. \/<br \/>Foto: Cihan Cakmak<\/p>\t\t\t\t\t\t<\/div>\n\t\t\t\t<\/div>\n\t\t\t\t<\/div>\n\t\t<div class=\"elementor-element elementor-element-7af24d8 e-con-full e-flex e-con e-child\" data-id=\"7af24d8\" data-element_type=\"container\">\n\t\t\t\t<div class=\"elementor-element elementor-element-fccdb8b elementor-widget elementor-widget-image\" data-id=\"fccdb8b\" data-element_type=\"widget\" data-widget_type=\"image.default\">\n\t\t\t\t<div class=\"elementor-widget-container\">\n\t\t\t\t\t\t\t\t\t\t\t\t\t<img decoding=\"async\" width=\"750\" height=\"437\" src=\"https:\/\/interaction-leipzig.de\/neuanfang\/wp-content\/uploads\/2022\/04\/DSC7448_c_AnjaStopp_1-2048x1194-1-1024x597.jpeg\" class=\"attachment-large size-large wp-image-776\" alt=\"\" srcset=\"https:\/\/interaction-leipzig.de\/neuanfang\/wp-content\/uploads\/2022\/04\/DSC7448_c_AnjaStopp_1-2048x1194-1-1024x597.jpeg 1024w, https:\/\/interaction-leipzig.de\/neuanfang\/wp-content\/uploads\/2022\/04\/DSC7448_c_AnjaStopp_1-2048x1194-1-300x175.jpeg 300w, https:\/\/interaction-leipzig.de\/neuanfang\/wp-content\/uploads\/2022\/04\/DSC7448_c_AnjaStopp_1-2048x1194-1-768x448.jpeg 768w, https:\/\/interaction-leipzig.de\/neuanfang\/wp-content\/uploads\/2022\/04\/DSC7448_c_AnjaStopp_1-2048x1194-1-1536x896.jpeg 1536w, https:\/\/interaction-leipzig.de\/neuanfang\/wp-content\/uploads\/2022\/04\/DSC7448_c_AnjaStopp_1-2048x1194-1.jpeg 2048w\" sizes=\"(max-width: 750px) 100vw, 750px\" \/>\t\t\t\t\t\t\t\t\t\t\t\t\t<\/div>\n\t\t\t\t<\/div>\n\t\t\t\t<div class=\"elementor-element elementor-element-b2b89ac elementor-widget elementor-widget-text-editor\" data-id=\"b2b89ac\" data-element_type=\"widget\" data-widget_type=\"text-editor.default\">\n\t\t\t\t<div class=\"elementor-widget-container\">\n\t\t\t\t\t\t\t<p>Foto \/ <em>photo<\/em>: Anja Stopp<\/p>\t\t\t\t\t\t<\/div>\n\t\t\t\t<\/div>\n\t\t\t\t<\/div>\n\t\t\t\t\t<\/div>\n\t\t\t\t<\/div>\n\t\t\t\t<\/div>\n\t\t","protected":false},"excerpt":{"rendered":"<p>Spenden Deine Spende f\u00fcr Empowerment, Partizipation und eine vielf\u00e4ltige Gesellschaft Seit der Gr\u00fcndung des Vereins im Jahr 2015 setzt sich interaction Leipzig e.V. f\u00fcr Empowerment und Partizipation aller Menschen in Leipzig ein. Jedes Jahr stellen mehr als 20 Vereinsmitglieder und inzwischen \u00fcber 250 Ehrenamtliche ein vielf\u00e4ltiges Programm f\u00fcr eine tolerante [&hellip;]<\/p>\n","protected":false},"author":12,"featured_media":0,"parent":0,"menu_order":0,"comment_status":"closed","ping_status":"closed","template":"page-templates\/template-pagebuilder-full-width.php","meta":{"_acf_changed":false,"footnotes":""},"class_list":["post-1631","page","type-page","status-publish","hentry"],"acf":[],"_links":{"self":[{"href":"https:\/\/interaction-leipzig.de\/neuanfang\/wp-json\/wp\/v2\/pages\/1631","targetHints":{"allow":["GET"]}}],"collection":[{"href":"https:\/\/interaction-leipzig.de\/neuanfang\/wp-json\/wp\/v2\/pages"}],"about":[{"href":"https:\/\/interaction-leipzig.de\/neuanfang\/wp-json\/wp\/v2\/types\/page"}],"author":[{"embeddable":true,"href":"https:\/\/interaction-leipzig.de\/neuanfang\/wp-json\/wp\/v2\/users\/12"}],"replies":[{"embeddable":true,"href":"https:\/\/interaction-leipzig.de\/neuanfang\/wp-json\/wp\/v2\/comments?post=1631"}],"version-history":[{"count":43,"href":"https:\/\/interaction-leipzig.de\/neuanfang\/wp-json\/wp\/v2\/pages\/1631\/revisions"}],"predecessor-version":[{"id":2942,"href":"https:\/\/interaction-leipzig.de\/neuanfang\/wp-json\/wp\/v2\/pages\/1631\/revisions\/2942"}],"wp:attachment":[{"href":"https:\/\/interaction-leipzig.de\/neuanfang\/wp-json\/wp\/v2\/media?parent=1631"}],"curies":[{"name":"wp","href":"https:\/\/api.w.org\/{rel}","templated":true}]}}