{"id":4238,"date":"2024-06-05T14:45:12","date_gmt":"2024-06-05T12:45:12","guid":{"rendered":"https:\/\/interaction-leipzig.de\/neuanfang\/pulsa\/"},"modified":"2024-07-05T03:20:17","modified_gmt":"2024-07-05T01:20:17","slug":"pulsa","status":"publish","type":"page","link":"https:\/\/interaction-leipzig.de\/neuanfang\/es\/pulsa\/","title":{"rendered":"Pulsa"},"content":{"rendered":"\t\t<div data-elementor-type=\"wp-page\" data-elementor-id=\"4238\" class=\"elementor elementor-4238 elementor-2078\" data-elementor-post-type=\"page\">\n\t\t\t\t<div class=\"elementor-element elementor-element-8fec662 e-flex e-con-boxed e-con e-parent\" data-id=\"8fec662\" data-element_type=\"container\" data-settings=\"{&quot;background_background&quot;:&quot;classic&quot;}\">\n\t\t\t\t\t<div class=\"e-con-inner\">\n\t\t\t\t<div class=\"elementor-element elementor-element-2ea8bf7 elementor-invisible elementor-widget elementor-widget-heading\" data-id=\"2ea8bf7\" data-element_type=\"widget\" data-settings=\"{&quot;_animation&quot;:&quot;fadeIn&quot;}\" data-widget_type=\"heading.default\">\n\t\t\t\t<div class=\"elementor-widget-container\">\n\t\t\t<style>\/*! elementor - v3.23.0 - 25-07-2024 *\/\n.elementor-heading-title{padding:0;margin:0;line-height:1}.elementor-widget-heading .elementor-heading-title[class*=elementor-size-]>a{color:inherit;font-size:inherit;line-height:inherit}.elementor-widget-heading .elementor-heading-title.elementor-size-small{font-size:15px}.elementor-widget-heading .elementor-heading-title.elementor-size-medium{font-size:19px}.elementor-widget-heading .elementor-heading-title.elementor-size-large{font-size:29px}.elementor-widget-heading .elementor-heading-title.elementor-size-xl{font-size:39px}.elementor-widget-heading .elementor-heading-title.elementor-size-xxl{font-size:59px}<\/style><h2 class=\"elementor-heading-title elementor-size-default\">Pulsa<\/h2>\t\t<\/div>\n\t\t\t\t<\/div>\n\t\t\t\t\t<\/div>\n\t\t\t\t<\/div>\n\t\t<div class=\"elementor-element elementor-element-4d9dedb e-flex e-con-boxed e-con e-parent\" data-id=\"4d9dedb\" data-element_type=\"container\">\n\t\t\t\t\t<div class=\"e-con-inner\">\n\t\t<div class=\"elementor-element elementor-element-dc47374 e-con-full e-flex elementor-invisible e-con e-child\" data-id=\"dc47374\" data-element_type=\"container\" data-settings=\"{&quot;animation&quot;:&quot;fadeIn&quot;}\">\n\t\t\t\t<div class=\"elementor-element elementor-element-714c565 elementor-invisible elementor-widget elementor-widget-heading\" data-id=\"714c565\" data-element_type=\"widget\" data-settings=\"{&quot;_animation&quot;:&quot;fadeIn&quot;}\" data-widget_type=\"heading.default\">\n\t\t\t\t<div class=\"elementor-widget-container\">\n\t\t\t<h2 class=\"elementor-heading-title elementor-size-default\">Interaction Leipzig e.V. en los medios de comunicaci\u00f3n<\/h2>\t\t<\/div>\n\t\t\t\t<\/div>\n\t\t\t\t<div class=\"elementor-element elementor-element-30b41d7 elementor-widget__width-initial elementor-invisible elementor-widget elementor-widget-text-editor\" data-id=\"30b41d7\" data-element_type=\"widget\" data-settings=\"{&quot;_animation&quot;:&quot;fadeIn&quot;}\" data-widget_type=\"text-editor.default\">\n\t\t\t\t<div class=\"elementor-widget-container\">\n\t\t\t<style>\/*! elementor - v3.23.0 - 25-07-2024 *\/\n.elementor-widget-text-editor.elementor-drop-cap-view-stacked .elementor-drop-cap{background-color:#69727d;color:#fff}.elementor-widget-text-editor.elementor-drop-cap-view-framed .elementor-drop-cap{color:#69727d;border:3px solid;background-color:transparent}.elementor-widget-text-editor:not(.elementor-drop-cap-view-default) .elementor-drop-cap{margin-top:8px}.elementor-widget-text-editor:not(.elementor-drop-cap-view-default) .elementor-drop-cap-letter{width:1em;height:1em}.elementor-widget-text-editor .elementor-drop-cap{float:left;text-align:center;line-height:1;font-size:50px}.elementor-widget-text-editor .elementor-drop-cap-letter{display:inline-block}<\/style>\t\t\t\t<p><\/p>\n<p>Aqu\u00ed presentamos una selecci\u00f3n de publicaciones sobre eventos y actividades asociativas con las que interaction Leipzig e.V. ha aparecido en los medios de comunicaci\u00f3n y en otras plataformas.<\/p>\n<p><\/p>\n\t\t\t\t\t\t<\/div>\n\t\t\t\t<\/div>\n\t\t\t\t<div class=\"elementor-element elementor-element-4327866 elementor-widget__width-initial elementor-invisible elementor-widget elementor-widget-text-editor\" data-id=\"4327866\" data-element_type=\"widget\" data-settings=\"{&quot;_animation&quot;:&quot;fadeIn&quot;}\" data-widget_type=\"text-editor.default\">\n\t\t\t\t<div class=\"elementor-widget-container\">\n\t\t\t\t\t\t\t<p><\/p>\n<p><\/p>\n<p><\/p>\n<h4 class=\"wp-block-heading\">2020<\/h4>\n<p><\/p>\n<p><\/p>\n<p><strong>El Glocal de Leipzig <\/strong>&#8211;<a href=\"https:\/\/leipglo.com\/2020\/01\/18\/my-own-private-burokratie\/\">\u00abMi propia <\/a><a href=\"https:\/\/leipglo.com\/2020\/01\/18\/my-own-private-burokratie\/\" target=\"_blank\" rel=\"noreferrer noopener\">burocracia<\/a> privada<a href=\"https:\/\/leipglo.com\/2020\/01\/18\/my-own-private-burokratie\/\">: \u00a1Debes coger n\u00famero!<\/a>\u00ab<\/p>\n<p><\/p>\n<p><\/p>\n<p><strong>Kreuzer Leipzig<\/strong> &#8211;<a href=\"https:\/\/kreuzer-leipzig.de\/2020\/07\/24\/kunst-im-schaufenster\/\">\u00abArte en el <\/a><a href=\"https:\/\/kreuzer-leipzig.de\/2020\/07\/24\/kunst-im-schaufenster\/\" target=\"_blank\" rel=\"noreferrer noopener\">escaparate<\/a>\u00ab<\/p>\n<p><\/p>\n<p><\/p>\n<p><strong>El Glocal de Leipzig<\/strong> &#8211;<a href=\"https:\/\/leipglo.com\/2020\/08\/05\/what-comes-after-artwalk-around-eisenbahnstrase\/?fbclid=IwAR2CxQ-SovzojljZrYWU6V1RalHekjQj4cnSnh6QqgyrdY7M3lBRJhlWeA8\" target=\"_blank\" rel=\"noreferrer noopener\">\u00abLo que viene despu\u00e9s: obras de arte en torno a la eisenbahnstra\u00dfe<\/a>\u00ab<\/p>\n<p><\/p>\n<p><\/p>\n<p><strong>Leipziger Internet Zeitung<\/strong> &#8211;<a href=\"https:\/\/www.l-iz.de\/veranstaltungen\/tipp-buehne\/2020\/10\/Premiere-am-31-November-Walk-of-Shame-357045?highlight=walk%20of%20shame\" data-type=\"URL\" data-id=\"https:\/\/www.l-iz.de\/veranstaltungen\/tipp-buehne\/2020\/10\/Premiere-am-31-November-Walk-of-Shame-357045?highlight=walk%20of%20shame\" target=\"_blank\" rel=\"noreferrer noopener\">\u00abPaseo de la verg\u00fcenza<\/a>\u00ab<\/p>\n<p><\/p>\n<p><\/p>\n<p><strong>Radio Esfera<\/strong> &#8211;<a href=\"https:\/\/sphere-radio.net\/episoden\/interaction-leipzig-mit-cihan\/\" data-type=\"URL\" data-id=\"https:\/\/sphere-radio.net\/episoden\/interaction-leipzig-mit-cihan\/\" target=\"_blank\" rel=\"noreferrer noopener\">\u00abInteracci\u00f3n Leipzig con Cihan<\/a>\u00ab<\/p>\n<p><\/p>\n<p><\/p>\n<\/p>\n<p><\/p>\n\t\t\t\t\t\t<\/div>\n\t\t\t\t<\/div>\n\t\t\t\t<div class=\"elementor-element elementor-element-29aac08 elementor-widget__width-initial elementor-invisible elementor-widget elementor-widget-text-editor\" data-id=\"29aac08\" data-element_type=\"widget\" data-settings=\"{&quot;_animation&quot;:&quot;fadeIn&quot;}\" data-widget_type=\"text-editor.default\">\n\t\t\t\t<div class=\"elementor-widget-container\">\n\t\t\t\t\t\t\t<p><\/p>\n<p><\/p>\n<p><\/p>\n<h4 class=\"wp-block-heading\">2019<\/h4>\n<p><\/p>\n<p><\/p>\n<p><strong>Radio Blau<\/strong> &#8211;<a href=\"https:\/\/interaction-leipzig.de\/neuanfang\/wp-content\/uploads\/2019\/02\/20190112-Radio-Blau-zu-interaction-Theatergruppe.mp3\" target=\"_blank\" rel=\"noreferrer noopener\">\u00abRadio Blau sobre la interacci\u00f3n grupo de teatro de Leipzig<\/a>\u00ab<\/p>\n<p><\/p>\n<p><\/p>\n<p><\/p>\n\t\t\t\t\t\t<\/div>\n\t\t\t\t<\/div>\n\t\t\t\t<div class=\"elementor-element elementor-element-f22db01 elementor-widget__width-initial elementor-invisible elementor-widget elementor-widget-text-editor\" data-id=\"f22db01\" data-element_type=\"widget\" data-settings=\"{&quot;_animation&quot;:&quot;fadeIn&quot;}\" data-widget_type=\"text-editor.default\">\n\t\t\t\t<div class=\"elementor-widget-container\">\n\t\t\t\t\t\t\t<p><\/p>\n<p><\/p>\n<p><\/p>\n<p><\/p>\n<p><\/p>\n<h4 class=\"wp-block-heading\">2018<\/h4>\n<p><\/p>\n<p><\/p>\n<p><\/p>\n<p><\/p>\n<\/p>\n<p><strong>\u00a1estudiante! El peri\u00f3dico universitario independiente de Leipzig<\/strong>  &#8211; \u00ab<a href=\"https:\/\/interaction-leipzig.de\/neuanfang\/wp-content\/uploads\/2019\/02\/2018_11_student_November2018_Seite10_Grassi-Connection_Workshop-Kalligrafie.pdf\" target=\"_blank\" rel=\"noreferrer noopener\">Magia de nombres y dise\u00f1o de fuentes<\/a>\u00ab<\/p>\n<p><\/p>\n<p><\/p>\n<p><strong>\u00d6kol\u00f6we Umweltbund Leipzig e.V.<\/strong> &#8211;<a href=\"https:\/\/www.oekoloewe.de\/parking-day-leipzig.html\" target=\"_blank\" rel=\"noreferrer noopener\">\u00abD\u00eda del PARQUE en Leipzig<\/a>\u00ab<a href=\"https:\/\/www.oekoloewe.de\/parking-day-leipzig.html\" target=\"_blank\" rel=\"noreferrer noopener\">(PARK(ing) Day Leipzig<\/a>)<\/p>\n<p><\/p>\n<p><\/p>\n<p><\/p>\n<p><\/p>\n<p><\/p>\n<p><\/p>\n<p><strong>Kulturstiftung des Bundes<\/strong> &#8211; <a href=\"https:\/\/www.kulturstiftung-des-bundes.de\/de\/projekte\/bild_und_raum\/detail\/interaction_leipzig.html\" target=\"_blank\" rel=\"noreferrer noopener\">\u00abinteraction Leipzig e.V. &#8211; Laboratorio de Cooperaci\u00f3n y Colisi\u00f3n\u00bb<\/a><\/p>\n<p><\/p>\n<p><\/p>\n<p><strong>Leipziger Internet Zeitung<\/strong> &#8211; \u00ab<a href=\"https:\/\/www.l-iz.de\/melder\/wortmelder\/2018\/08\/Weitere-Highlights-auf-dem-Brueckenfest-erwartet-230011\" target=\"_blank\" rel=\"noreferrer noopener\">Se esperan nuevos momentos estelares en el festival del puente<\/a>\u00ab<\/p>\n<p><\/p>\n<p><\/p>\n<p><strong>Leipziger Volkszeitung<\/strong> &#8211; \u00ab<a href=\"http:\/\/www.lvz.de\/Leipzig\/Lokales\/Brueckenfest-auf-Leipziger-Sachsenbruecke\" target=\"_blank\" rel=\"noreferrer noopener\">Fiesta del puente en el Sachsenbr\u00fccke de Leipzig<\/a>\u00ab<\/p>\n<p><\/p>\n<p><\/p>\n<p><strong>Solveig Van der Hoffmann<\/strong> &#8211;<a href=\"http:\/\/vanderhoffmann.de\/wp\/?p=1342\" target=\"_blank\" rel=\"noreferrer noopener\">\u00abCooperaci\u00f3n y colisi\u00f3n &#8211; Entrevista con Franziska Furcht de interaction Leipzig e.V.<\/a>\u00ab<\/p>\n<p><\/p>\n<p><\/p>\n<p><\/p>\n<p><\/p>\n<p><\/p>\n<p><\/p>\n<p><\/p>\n<p><\/p>\n<p><\/p>\n<p><\/p>\n<p><strong>Ciudad de Leipzig<\/strong> &#8211;<a href=\"https:\/\/interaction-leipzig.de\/neuanfang\/wp-content\/uploads\/2019\/02\/20180518_48._Infobrief_Bildungsmanagement-AfeefaLeipzig_Seite4.pdf\" target=\"_blank\" rel=\"noreferrer noopener\">\u00abInfobrief Bildungsmanagement Leipzig, N\u00famero 48: 2\u00ba Trimestre 2018 \/ Afeefa Leipzig<\/a>\u00ab<\/p>\n<p><\/p>\n<p><\/p>\n<p><strong>Georg-Schwarz-Stra\u00dfe Magistralenmanagement<\/strong> &#8211;<a href=\"http:\/\/www.georg-schwarz-strasse.de\/aktuelles\/aktuelles\/2\/1554\/Integrationsplattform_Afeefa_in_Leipzig_gestartet.htm\" target=\"_blank\" rel=\"noreferrer noopener\">\u00abLanzamiento de la plataforma de integraci\u00f3n Afeefa Leipzig<\/a>\u00ab<\/p>\n<p><\/p>\n<p><\/p>\n<p><\/p>\n<p><\/p>\n<p><strong>Stiftung B\u00fcrger f\u00fcr Leipzig<\/strong> &#8211; <a href=\"https:\/\/www.buergerfuerleipzig.de\/projekte\/ehrenamtspreis\" target=\"_blank\" rel=\"noreferrer noopener\">Premio al Voluntariado de la <\/a><strong><br \/>\n  <a href=\"https:\/\/www.buergerfuerleipzig.de\/projekte\/ehrenamtspreis%20\">Fundaci\u00f3n Ciudadanos por Leipzig<\/a><br \/>\n<\/strong><\/p>\n<p><\/p>\n<p><\/p>\n<p><\/p>\n<p><\/p>\n<p><\/p>\n\t\t\t\t\t\t<\/div>\n\t\t\t\t<\/div>\n\t\t\t\t<div class=\"elementor-element elementor-element-60fe950 elementor-widget__width-initial elementor-invisible elementor-widget elementor-widget-text-editor\" data-id=\"60fe950\" data-element_type=\"widget\" data-settings=\"{&quot;_animation&quot;:&quot;fadeIn&quot;}\" data-widget_type=\"text-editor.default\">\n\t\t\t\t<div class=\"elementor-widget-container\">\n\t\t\t\t\t\t\t<p><\/p>\n<p><\/p>\n<p><\/p>\n<p><\/p>\n<p><\/p>\n<h4 class=\"wp-block-heading\">2017<\/h4>\n<p><\/p>\n<p><\/p>\n<p><strong>transcript Verlag \/ Werner Schiffauer, Anne Eilert, Marlene Rudloff<\/strong> &#8211;<a href=\"https:\/\/www.transcript-verlag.de\/978-3-8376-3829-5\/so-schaffen-wir-das-eine-zivilgesellschaft-im-aufbruch\/\" target=\"_blank\" rel=\"noreferrer noopener\">\u00abSo schaffen wir das &#8211; eine Zivilgesellschaft im Aufbruch: 90 wegweisende Projekte mit Gefl\u00fcchteten<\/a>\u00ab<a href=\"https:\/\/www.transcript-verlag.de\/978-3-8376-3829-5\/so-schaffen-wir-das-eine-zivilgesellschaft-im-aufbruch\/\" target=\"_blank\" rel=\"noreferrer noopener\">(As\u00ed lo conseguimos &#8211; una sociedad civil en acci\u00f3n: 90 proyectos pioneros con afectados<\/a>)<\/p>\n<p><\/p>\n<p><\/p>\n<p><strong>Fundaci\u00f3n Ciudadanos por Leipzig<\/strong> &#8211;<a href=\"https:\/\/www.buergerfuerleipzig.de\/wegweiser\" target=\"_blank\" rel=\"noreferrer noopener\">\u00abGu\u00eda de ayuda a los refugiados<\/a>\u00ab<\/p>\n<p><\/p>\n<p><\/p>\n<p><strong>Ostth\u00fcringer Zeitung<\/strong> &#8211; \u00ab<a href=\"https:\/\/schmoelln.otz.de\/web\/schmoelln\/startseite\/detail\/-\/specific\/Heute-Stueck-in-Kletterhalle-Schmoelln-1123195717\" target=\"_blank\" rel=\"noreferrer noopener\">Hoy pieza en sala de escalada Schm\u00f6lln<\/a>\u00ab<\/p>\n<p><\/p>\n<p><\/p>\n<p><\/p>\n<p><\/p>\n<p><\/p>\n<p><\/p>\n<p><\/p>\n<p><\/p>\n<p><strong>Radio Blau<\/strong> &#8211;<a href=\"https:\/\/interaction-leipzig.de\/neuanfang\/wp-content\/uploads\/2019\/02\/Radio-Blau-Interview-mit-Eva-Musholt-women_in_action_interaction_23-09-2017.mp3\" target=\"_blank\" rel=\"noreferrer noopener\">\u00abEntrevista sobre el Women*InActionDay de interaction Leipzig e.V.<\/a>\u00ab.<\/p>\n<p><\/p>\n<p><\/p>\n<p><strong>Ministra de Igualdad e Integraci\u00f3n del Estado de Sajonia<\/strong> &#8211;<a href=\"https:\/\/interaction-leipzig.de\/neuanfang\/wp-content\/uploads\/2019\/02\/SMGI_-Der-Newsletter-vom-14.09.2017.pdf\" target=\"_blank\" rel=\"noreferrer noopener\">\u00abBolet\u00edn \/ D\u00eda de la Mujer*En Acci\u00f3n<\/a>\u00ab<\/p>\n<p><\/p>\n<p><\/p>\n<p><strong>Cl\u00ednica Jur\u00eddica para Refugiados<\/strong> &#8211;<a href=\"https:\/\/rlcl.de\/events\/2017\/9\/23\/women-in-action-day\" target=\"_blank\" rel=\"noreferrer noopener\">\u00abD\u00eda de Acci\u00f3n de las Mujeres*<\/a>\u00ab<\/p>\n<p><\/p>\n<p><\/p>\n<p><strong>DaMigra<\/strong> &#8211;<a href=\"https:\/\/www.damigra.de\/termine\/frauenfestival-women-in-action\/\" target=\"_blank\" rel=\"noreferrer noopener\">\u00abWomen*festival &#8216;Mujeres en acci\u00f3n&#8217;<\/a>\u00ab<\/p>\n<p><\/p>\n<p><\/p>\n<p><strong>Jard\u00edn Abierto Querbeet Leipzig<\/strong> &#8211;<a href=\"http:\/\/www.querbeet-leipzig.de\/penckstrassenfest-on-tour\/\" target=\"_blank\" rel=\"noreferrer noopener\">\u00abPenckstra\u00dfenfest de gira<\/a>\u00ab<\/p>\n<p><\/p>\n<p><\/p>\n<p><strong>Ciudad de Leipzig<\/strong> &#8211;<a href=\"https:\/\/interaction-leipzig.de\/neuanfang\/wp-content\/uploads\/2019\/02\/20170819-Stadt-Leipzig-Penckstra%C3%9Fenfest-On-Tour-Stadt-Leipzig.pdf\" target=\"_blank\" rel=\"noreferrer noopener\">\u00abPenckstra\u00dfenfest On Tour<\/a>\u00ab<a href=\"https:\/\/interaction-leipzig.de\/neuanfang\/wp-content\/uploads\/2019\/02\/20170819-Stadt-Leipzig-Penckstra%C3%9Fenfest-On-Tour-Stadt-Leipzig.pdf\" target=\"_blank\" rel=\"noreferrer noopener\">(Fiesta de Penckstra\u00dfen en gira<\/a>)<\/p>\n<p><\/p>\n<p><\/p>\n<p><\/p>\n<p><\/p>\n<p><\/p>\n<p><\/p>\n<p><strong>Anne-Sophie-Mutter.de<\/strong> &#8211;<a href=\"https:\/\/www.anne-sophie-mutter.de\/seite\/biographie\/karitatives-engagement\/\" target=\"_blank\" rel=\"noreferrer noopener\">\u00abConcierto ben\u00e9fico a favor de \u00abIntegration durch Bildung e.V.\u00bb e \u00abInteraction Leipzig e.V.<\/a>\u00ab\u00bb<\/p>\n<p><\/p>\n<p><\/p>\n<p><\/p>\n<p><\/p>\n<p><\/p>\n<p><\/p>\n<p><\/p>\n<p><\/p>\n<p><strong>Sachsen Fernsehen<\/strong> &#8211;<a href=\"https:\/\/www.sachsen-fernsehen.de\/so-kuemmern-sich-die-leipziger-um-die-zukunft-ihrer-stadt-359352\/\" target=\"_blank\" rel=\"noreferrer noopener\">\u00abC\u00f3mo los habitantes de Leipzig velan por el futuro de su ciudad<\/a>\u00ab<\/p>\n<p><\/p>\n<p><\/p>\n<p><\/p>\n<p><\/p>\n<p><\/p>\n<p><\/p>\n<p><\/p>\n<p><\/p>\n<p><strong>Hannes Kleinschmidt <\/strong>&#8211;<a href=\"https:\/\/vimeo.com\/208274459\" target=\"_blank\" rel=\"noreferrer noopener\">\u00abinteracci\u00f3n Leipzig e.V.<\/a>\u00ab<\/p>\n<p><\/p>\n<p><\/p>\n<p><\/p>\n<p><\/p>\n<p><\/p>\n\t\t\t\t\t\t<\/div>\n\t\t\t\t<\/div>\n\t\t\t\t<\/div>\n\t\t<div class=\"elementor-element elementor-element-f414d8f e-con-full e-flex elementor-invisible e-con e-child\" data-id=\"f414d8f\" data-element_type=\"container\" data-settings=\"{&quot;animation&quot;:&quot;fadeIn&quot;}\">\n\t\t\t\t<\/div>\n\t\t\t\t\t<\/div>\n\t\t\t\t<\/div>\n\t\t<div class=\"elementor-element elementor-element-b967ad6 e-flex e-con-boxed e-con e-parent\" data-id=\"b967ad6\" data-element_type=\"container\">\n\t\t\t\t\t<div class=\"e-con-inner\">\n\t\t\t\t<div class=\"elementor-element elementor-element-03b6c58 elementor-widget elementor-widget-video\" data-id=\"03b6c58\" data-element_type=\"widget\" data-settings=\"{&quot;video_type&quot;:&quot;vimeo&quot;}\" data-widget_type=\"video.default\">\n\t\t\t\t<div class=\"elementor-widget-container\">\n\t\t\t<style>\/*! elementor - v3.23.0 - 25-07-2024 *\/\n.elementor-widget-video .elementor-widget-container{overflow:hidden;transform:translateZ(0)}.elementor-widget-video .elementor-wrapper{aspect-ratio:var(--video-aspect-ratio)}.elementor-widget-video .elementor-wrapper iframe,.elementor-widget-video .elementor-wrapper video{height:100%;width:100%;display:flex;border:none;background-color:#000}@supports not (aspect-ratio:1\/1){.elementor-widget-video .elementor-wrapper{position:relative;overflow:hidden;height:0;padding-bottom:calc(100% \/ var(--video-aspect-ratio))}.elementor-widget-video .elementor-wrapper iframe,.elementor-widget-video .elementor-wrapper video{position:absolute;top:0;right:0;bottom:0;left:0}}.elementor-widget-video .elementor-open-inline .elementor-custom-embed-image-overlay{position:absolute;top:0;right:0;bottom:0;left:0;background-size:cover;background-position:50%}.elementor-widget-video .elementor-custom-embed-image-overlay{cursor:pointer;text-align:center}.elementor-widget-video .elementor-custom-embed-image-overlay:hover .elementor-custom-embed-play i{opacity:1}.elementor-widget-video .elementor-custom-embed-image-overlay img{display:block;width:100%;aspect-ratio:var(--video-aspect-ratio);-o-object-fit:cover;object-fit:cover;-o-object-position:center center;object-position:center center}@supports not (aspect-ratio:1\/1){.elementor-widget-video .elementor-custom-embed-image-overlay{position:relative;overflow:hidden;height:0;padding-bottom:calc(100% \/ var(--video-aspect-ratio))}.elementor-widget-video .elementor-custom-embed-image-overlay img{position:absolute;top:0;right:0;bottom:0;left:0}}.elementor-widget-video .e-hosted-video .elementor-video{-o-object-fit:cover;object-fit:cover}.e-con-inner>.elementor-widget-video,.e-con>.elementor-widget-video{width:var(--container-widget-width);--flex-grow:var(--container-widget-flex-grow)}<\/style>\t\t<div class=\"elementor-wrapper elementor-open-inline\">\n\t\t\t<iframe class=\"elementor-video-iframe\" allowfullscreen allow=\"clipboard-write\" title=\"Reproductor de v\u00eddeo vimeo\" src=\"https:\/\/player.vimeo.com\/video\/208274459?color&amp;autopause=0&amp;loop=0&amp;muted=0&amp;title=1&amp;portrait=1&amp;byline=1#t=\"><\/iframe>\t\t<\/div>\n\t\t\t\t<\/div>\n\t\t\t\t<\/div>\n\t\t\t\t\t<\/div>\n\t\t\t\t<\/div>\n\t\t<div class=\"elementor-element elementor-element-9667c6b e-flex e-con-boxed e-con e-parent\" data-id=\"9667c6b\" data-element_type=\"container\">\n\t\t\t\t\t<div class=\"e-con-inner\">\n\t\t<div class=\"elementor-element elementor-element-f26e492 e-con-full e-flex elementor-invisible e-con e-child\" data-id=\"f26e492\" data-element_type=\"container\" data-settings=\"{&quot;animation&quot;:&quot;fadeIn&quot;}\">\n\t\t\t\t<div class=\"elementor-element elementor-element-a65f5a5 elementor-widget__width-initial elementor-invisible elementor-widget elementor-widget-text-editor\" data-id=\"a65f5a5\" data-element_type=\"widget\" data-settings=\"{&quot;_animation&quot;:&quot;fadeIn&quot;}\" data-widget_type=\"text-editor.default\">\n\t\t\t\t<div class=\"elementor-widget-container\">\n\t\t\t\t\t\t\t<p><\/p>\n<p><\/p>\n<p><\/p>\n<p><\/p>\n<h4 class=\"wp-block-heading\">2016<\/h4>\n<p><\/p>\n<p><\/p>\n<p><strong>Schauspiel Leipzig<\/strong> &#8211;<a href=\"https:\/\/www.schauspiel-leipzig.de\/spielplan\/a-z\/conactioncafe\/\" target=\"_blank\" rel=\"noreferrer noopener\">\u00abCaf\u00e9 ConAcci\u00f3n<\/a>\u00ab<\/p>\n<p><\/p>\n<p><\/p>\n<p><\/p>\n<p><\/p>\n<p><strong>Offener Kanal Merseburg-Querfurt e.V.<\/strong> &#8211;<a href=\"https:\/\/www.youtube.com\/watch?v=M5hNXt8oOEM\" target=\"_blank\" rel=\"noreferrer noopener\">\u00abKulturkompass 2016: interaction Leipzig e.V.<\/a>\u00ab<a href=\"https:\/\/www.youtube.com\/watch?v=M5hNXt8oOEM\" target=\"_blank\" rel=\"noreferrer noopener\">(Kulturkompass 2016: interacci\u00f3n Leipzig e.V.<\/a>)<\/p>\n<p><\/p>\n<p><\/p>\n<p><\/p>\n<p><\/p>\n\t\t\t\t\t\t<\/div>\n\t\t\t\t<\/div>\n\t\t\t\t<\/div>\n\t\t<div class=\"elementor-element elementor-element-e0ebc4d e-con-full e-flex elementor-invisible e-con e-child\" data-id=\"e0ebc4d\" data-element_type=\"container\" data-settings=\"{&quot;animation&quot;:&quot;fadeIn&quot;}\">\n\t\t\t\t<\/div>\n\t\t\t\t\t<\/div>\n\t\t\t\t<\/div>\n\t\t<div class=\"elementor-element elementor-element-b665537 e-flex e-con-boxed e-con e-parent\" data-id=\"b665537\" data-element_type=\"container\">\n\t\t\t\t\t<div class=\"e-con-inner\">\n\t\t\t\t<div class=\"elementor-element elementor-element-36cd9b1 elementor-widget elementor-widget-video\" data-id=\"36cd9b1\" data-element_type=\"widget\" data-settings=\"{&quot;youtube_url&quot;:&quot;https:\\\/\\\/www.youtube.com\\\/watch?v=M5hNXt8oOEM&quot;,&quot;video_type&quot;:&quot;youtube&quot;,&quot;controls&quot;:&quot;yes&quot;}\" data-widget_type=\"video.default\">\n\t\t\t\t<div class=\"elementor-widget-container\">\n\t\t\t\t\t<div class=\"elementor-wrapper elementor-open-inline\">\n\t\t\t<div class=\"elementor-video\"><\/div>\t\t<\/div>\n\t\t\t\t<\/div>\n\t\t\t\t<\/div>\n\t\t\t\t<div class=\"elementor-element elementor-element-21277b0 elementor-widget elementor-widget-spacer\" data-id=\"21277b0\" data-element_type=\"widget\" data-widget_type=\"spacer.default\">\n\t\t\t\t<div class=\"elementor-widget-container\">\n\t\t\t<style>\/*! elementor - v3.23.0 - 25-07-2024 *\/\n.elementor-column .elementor-spacer-inner{height:var(--spacer-size)}.e-con{--container-widget-width:100%}.e-con-inner>.elementor-widget-spacer,.e-con>.elementor-widget-spacer{width:var(--container-widget-width,var(--spacer-size));--align-self:var(--container-widget-align-self,initial);--flex-shrink:0}.e-con-inner>.elementor-widget-spacer>.elementor-widget-container,.e-con>.elementor-widget-spacer>.elementor-widget-container{height:100%;width:100%}.e-con-inner>.elementor-widget-spacer>.elementor-widget-container>.elementor-spacer,.e-con>.elementor-widget-spacer>.elementor-widget-container>.elementor-spacer{height:100%}.e-con-inner>.elementor-widget-spacer>.elementor-widget-container>.elementor-spacer>.elementor-spacer-inner,.e-con>.elementor-widget-spacer>.elementor-widget-container>.elementor-spacer>.elementor-spacer-inner{height:var(--container-widget-height,var(--spacer-size))}.e-con-inner>.elementor-widget-spacer.elementor-widget-empty,.e-con>.elementor-widget-spacer.elementor-widget-empty{position:relative;min-height:22px;min-width:22px}.e-con-inner>.elementor-widget-spacer.elementor-widget-empty .elementor-widget-empty-icon,.e-con>.elementor-widget-spacer.elementor-widget-empty .elementor-widget-empty-icon{position:absolute;top:0;bottom:0;left:0;right:0;margin:auto;padding:0;width:22px;height:22px}<\/style>\t\t<div class=\"elementor-spacer\">\n\t\t\t<div class=\"elementor-spacer-inner\"><\/div>\n\t\t<\/div>\n\t\t\t\t<\/div>\n\t\t\t\t<\/div>\n\t\t\t\t\t<\/div>\n\t\t\t\t<\/div>\n\t\t\t\t<\/div>\n\t\t","protected":false},"excerpt":{"rendered":"<p>Pulsa Interaction Leipzig e.V. en los medios de comunicaci\u00f3n Aqu\u00ed presentamos una selecci\u00f3n de publicaciones sobre eventos y actividades asociativas con las que interaction Leipzig e.V. ha aparecido en los medios de comunicaci\u00f3n y en otras plataformas. 2020 El Glocal de Leipzig &#8211;\u00abMi propia burocracia privada: \u00a1Debes coger n\u00famero!\u00ab Kreuzer [&hellip;]<\/p>\n","protected":false},"author":12,"featured_media":0,"parent":0,"menu_order":0,"comment_status":"closed","ping_status":"closed","template":"page-templates\/template-pagebuilder-full-width.php","meta":{"_acf_changed":false,"footnotes":""},"class_list":["post-4238","page","type-page","status-publish","hentry"],"acf":[],"_links":{"self":[{"href":"https:\/\/interaction-leipzig.de\/neuanfang\/es\/wp-json\/wp\/v2\/pages\/4238","targetHints":{"allow":["GET"]}}],"collection":[{"href":"https:\/\/interaction-leipzig.de\/neuanfang\/es\/wp-json\/wp\/v2\/pages"}],"about":[{"href":"https:\/\/interaction-leipzig.de\/neuanfang\/es\/wp-json\/wp\/v2\/types\/page"}],"author":[{"embeddable":true,"href":"https:\/\/interaction-leipzig.de\/neuanfang\/es\/wp-json\/wp\/v2\/users\/12"}],"replies":[{"embeddable":true,"href":"https:\/\/interaction-leipzig.de\/neuanfang\/es\/wp-json\/wp\/v2\/comments?post=4238"}],"version-history":[{"count":3,"href":"https:\/\/interaction-leipzig.de\/neuanfang\/es\/wp-json\/wp\/v2\/pages\/4238\/revisions"}],"predecessor-version":[{"id":4242,"href":"https:\/\/interaction-leipzig.de\/neuanfang\/es\/wp-json\/wp\/v2\/pages\/4238\/revisions\/4242"}],"wp:attachment":[{"href":"https:\/\/interaction-leipzig.de\/neuanfang\/es\/wp-json\/wp\/v2\/media?parent=4238"}],"curies":[{"name":"wp","href":"https:\/\/api.w.org\/{rel}","templated":true}]}}