{"id":4235,"date":"2024-06-03T17:39:19","date_gmt":"2024-06-03T15:39:19","guid":{"rendered":"https:\/\/interaction-leipzig.de\/neuanfang\/donaciones\/"},"modified":"2024-07-05T03:20:15","modified_gmt":"2024-07-05T01:20:15","slug":"donaciones","status":"publish","type":"page","link":"https:\/\/interaction-leipzig.de\/neuanfang\/es\/donaciones\/","title":{"rendered":"Donaciones"},"content":{"rendered":"\t\t<div data-elementor-type=\"wp-page\" data-elementor-id=\"4235\" class=\"elementor elementor-4235 elementor-1631\" data-elementor-post-type=\"page\">\n\t\t\t\t<div class=\"elementor-element elementor-element-eff94d8 e-flex e-con-boxed e-con e-parent\" data-id=\"eff94d8\" data-element_type=\"container\" data-settings=\"{&quot;background_background&quot;:&quot;classic&quot;}\">\n\t\t\t\t\t<div class=\"e-con-inner\">\n\t\t\t\t<div class=\"elementor-element elementor-element-fd0bd98 elementor-invisible elementor-widget elementor-widget-heading\" data-id=\"fd0bd98\" data-element_type=\"widget\" data-settings=\"{&quot;_animation&quot;:&quot;fadeIn&quot;}\" data-widget_type=\"heading.default\">\n\t\t\t\t<div class=\"elementor-widget-container\">\n\t\t\t<style>\/*! elementor - v3.23.0 - 25-07-2024 *\/\n.elementor-heading-title{padding:0;margin:0;line-height:1}.elementor-widget-heading .elementor-heading-title[class*=elementor-size-]>a{color:inherit;font-size:inherit;line-height:inherit}.elementor-widget-heading .elementor-heading-title.elementor-size-small{font-size:15px}.elementor-widget-heading .elementor-heading-title.elementor-size-medium{font-size:19px}.elementor-widget-heading .elementor-heading-title.elementor-size-large{font-size:29px}.elementor-widget-heading .elementor-heading-title.elementor-size-xl{font-size:39px}.elementor-widget-heading .elementor-heading-title.elementor-size-xxl{font-size:59px}<\/style><h2 class=\"elementor-heading-title elementor-size-default\">Donaciones<\/h2>\t\t<\/div>\n\t\t\t\t<\/div>\n\t\t\t\t\t<\/div>\n\t\t\t\t<\/div>\n\t\t<div class=\"elementor-element elementor-element-f3171a8 e-flex e-con-boxed e-con e-parent\" data-id=\"f3171a8\" data-element_type=\"container\" data-settings=\"{&quot;background_background&quot;:&quot;classic&quot;}\">\n\t\t\t\t\t<div class=\"e-con-inner\">\n\t\t\t\t<div class=\"elementor-element elementor-element-108f144 elementor-widget__width-initial elementor-widget elementor-widget-text-editor\" data-id=\"108f144\" data-element_type=\"widget\" data-widget_type=\"text-editor.default\">\n\t\t\t\t<div class=\"elementor-widget-container\">\n\t\t\t<style>\/*! elementor - v3.23.0 - 25-07-2024 *\/\n.elementor-widget-text-editor.elementor-drop-cap-view-stacked .elementor-drop-cap{background-color:#69727d;color:#fff}.elementor-widget-text-editor.elementor-drop-cap-view-framed .elementor-drop-cap{color:#69727d;border:3px solid;background-color:transparent}.elementor-widget-text-editor:not(.elementor-drop-cap-view-default) .elementor-drop-cap{margin-top:8px}.elementor-widget-text-editor:not(.elementor-drop-cap-view-default) .elementor-drop-cap-letter{width:1em;height:1em}.elementor-widget-text-editor .elementor-drop-cap{float:left;text-align:center;line-height:1;font-size:50px}.elementor-widget-text-editor .elementor-drop-cap-letter{display:inline-block}<\/style>\t\t\t\t<p><span data-metadata=\"&lt;encoded_tag_open \/&gt;!--(figmeta)eyJmaWxlS2V5IjoiSFpKQTRFdWRybnJ4aW5kRGlISVZ3TCIsInBhc3RlSUQiOjE5ODQwNzgwNDMsImRhdGFUeXBlIjoic2NlbmUifQo=(\/figmeta)--&lt;encoded_tag_closed \/&gt;\"><\/span>Tu donaci\u00f3n para el empoderamiento, la participaci\u00f3n y una sociedad diversa<\/p>\n\t\t\t\t\t\t<\/div>\n\t\t\t\t<\/div>\n\t\t\t\t\t<\/div>\n\t\t\t\t<\/div>\n\t\t<div class=\"elementor-element elementor-element-a7e9d89 e-flex e-con-boxed e-con e-parent\" data-id=\"a7e9d89\" data-element_type=\"container\">\n\t\t\t\t\t<div class=\"e-con-inner\">\n\t\t\t\t<div class=\"elementor-element elementor-element-8c9bbe6 elementor-widget__width-initial elementor-invisible elementor-widget elementor-widget-text-editor\" data-id=\"8c9bbe6\" data-element_type=\"widget\" data-settings=\"{&quot;_animation&quot;:&quot;fadeIn&quot;}\" data-widget_type=\"text-editor.default\">\n\t\t\t\t<div class=\"elementor-widget-container\">\n\t\t\t\t\t\t\t<p><span>Desde que se fund\u00f3 la asociaci\u00f3n en 2015, interaction Leipzig e.V. se ha comprometido con el empoderamiento y la participaci\u00f3n de todas las personas de Leipzig. Cada a\u00f1o, m\u00e1s de 20 miembros de la asociaci\u00f3n y m\u00e1s de 250 voluntarios elaboran un programa diverso para una sociedad urbana tolerante y abierta. interaction Leipzig e.V. crea eventos, de nosotros  <\/span><i><br \/>\n  <span>interacciones<\/span><br \/>\n<\/i><span> en las que las personas se conocen y aprenden unas de otras, independientemente de su edad, conocimientos ling\u00fc\u00edsticos o nacionalidad. <\/span> <\/p>\n<p><span>Tu donaci\u00f3n nos ayudar\u00e1 a garantizar que podamos seguir contribuyendo a una ciudad vibrante y organizada conjuntamente en el futuro. Ap\u00f3yanos con un donativo -grande o peque\u00f1o- y, por supuesto, estaremos encantados de que transmitas nuestra causa a amigos o familiares que tambi\u00e9n quieran apoyar nuestras campa\u00f1as.<\/span><\/p>\n\t\t\t\t\t\t<\/div>\n\t\t\t\t<\/div>\n\t\t\t\t\t<\/div>\n\t\t\t\t<\/div>\n\t\t<div class=\"elementor-element elementor-element-2f0e71e e-flex e-con-boxed e-con e-parent\" data-id=\"2f0e71e\" data-element_type=\"container\">\n\t\t\t\t\t<div class=\"e-con-inner\">\n\t\t<div class=\"elementor-element elementor-element-9d49218 e-con-full e-flex elementor-invisible e-con e-child\" data-id=\"9d49218\" data-element_type=\"container\" data-settings=\"{&quot;animation&quot;:&quot;fadeIn&quot;}\">\n\t\t\t\t<div class=\"elementor-element elementor-element-b0352c5 elementor-invisible elementor-widget elementor-widget-heading\" data-id=\"b0352c5\" data-element_type=\"widget\" data-settings=\"{&quot;_animation&quot;:&quot;fadeIn&quot;}\" data-widget_type=\"heading.default\">\n\t\t\t\t<div class=\"elementor-widget-container\">\n\t\t\t<h2 class=\"elementor-heading-title elementor-size-default\">\u00bfQu\u00e9 hacemos con los donativos?<\/h2>\t\t<\/div>\n\t\t\t\t<\/div>\n\t\t\t\t<div class=\"elementor-element elementor-element-cff9d66 elementor-widget__width-initial elementor-invisible elementor-widget elementor-widget-text-editor\" data-id=\"cff9d66\" data-element_type=\"widget\" data-settings=\"{&quot;_animation&quot;:&quot;fadeIn&quot;}\" data-widget_type=\"text-editor.default\">\n\t\t\t\t<div class=\"elementor-widget-container\">\n\t\t\t\t\t\t\t<p><span>Con tu donativo, nos apoyas en nuestro trabajo y posibilitas encuentros entre personas con y sin experiencias de huida y migraci\u00f3n a nivel ocular, de empoderamiento y participaci\u00f3n. A trav\u00e9s de los contactos y las redes sociales que nuestra asociaci\u00f3n ofrece a los participantes, tambi\u00e9n les ayudamos a encontrar trabajo, iniciar sus estudios o encontrar un centro de asesoramiento adecuado. Aqu\u00ed ya podemos recordar varias historias de \u00e9xito.<\/span><\/p>\n<p><span>Si tu donaci\u00f3n o la de tus amigos y familiares alcanza un determinado nivel de <\/span><i><br \/>\n  <span>interacci\u00f3n<\/span><br \/>\n<\/i><span> o te gustar\u00eda saber a qu\u00e9 contribuye exactamente tu donativo, env\u00edanos un correo electr\u00f3nico o ll\u00e1manos. <\/span> <\/p>\n<p><span>Hazte <\/span><b>Miembro colaborador<\/b><span>  \u00a1y ap\u00f3yanos de forma sostenible! Estaremos encantados de informarte sobre la posibilidad de una afiliaci\u00f3n de apoyo.<\/span><\/p>\n\t\t\t\t\t\t<\/div>\n\t\t\t\t<\/div>\n\t\t\t\t<\/div>\n\t\t\t\t\t<\/div>\n\t\t\t\t<\/div>\n\t\t<div class=\"elementor-element elementor-element-83ca2b8 e-flex e-con-boxed e-con e-parent\" data-id=\"83ca2b8\" data-element_type=\"container\">\n\t\t\t\t\t<div class=\"e-con-inner\">\n\t\t<div class=\"elementor-element elementor-element-20b9764 e-con-full e-flex elementor-invisible e-con e-child\" data-id=\"20b9764\" data-element_type=\"container\" data-settings=\"{&quot;animation&quot;:&quot;fadeIn&quot;}\">\n\t\t\t\t<div class=\"elementor-element elementor-element-9f9d462 elementor-invisible elementor-widget elementor-widget-heading\" data-id=\"9f9d462\" data-element_type=\"widget\" data-settings=\"{&quot;_animation&quot;:&quot;fadeIn&quot;}\" data-widget_type=\"heading.default\">\n\t\t\t\t<div class=\"elementor-widget-container\">\n\t\t\t<h2 class=\"elementor-heading-title elementor-size-default\">Cuenta de donativos<\/h2>\t\t<\/div>\n\t\t\t\t<\/div>\n\t\t\t\t<div class=\"elementor-element elementor-element-558c2a2 elementor-widget__width-initial custom-link elementor-invisible elementor-widget elementor-widget-text-editor\" data-id=\"558c2a2\" data-element_type=\"widget\" data-settings=\"{&quot;_animation&quot;:&quot;fadeIn&quot;}\" data-widget_type=\"text-editor.default\">\n\t\t\t\t<div class=\"elementor-widget-container\">\n\t\t\t\t\t\t\t<p><span>interacci\u00f3n Leipzig e.V.<\/span><span><br \/><\/span><b>IBAN: <\/b><span> DE10 4306 0967 1184 2975 00<\/span><span><br \/><\/span><b>BIC: <\/b><span> GENODEM1GLS<\/span><span><br \/><\/span><span>GLS Gemeinschaftsbank eG<\/span><span><br \/><\/span><span><br \/><\/span><span>Estaremos encantados de emitir un recibo de donaci\u00f3n. Por favor, incluye una direcci\u00f3n en el motivo del pago.<\/span><span><br \/><\/span><span><br \/><\/span><span>Es a\u00fan m\u00e1s f\u00e1cil a trav\u00e9s de nuestra <\/span><a href=\"https:\/\/www.betterplace.org\/de\/projects\/37115-interaction-leipzig-e-v\"><br \/>\n  <span>p\u00e1gina betterplace<\/span><br \/>\n<\/a>.<\/p>\n\t\t\t\t\t\t<\/div>\n\t\t\t\t<\/div>\n\t\t\t\t<\/div>\n\t\t\t\t\t<\/div>\n\t\t\t\t<\/div>\n\t\t<div class=\"elementor-element elementor-element-aab393f e-flex e-con-boxed e-con e-parent\" data-id=\"aab393f\" data-element_type=\"container\" data-settings=\"{&quot;background_background&quot;:&quot;classic&quot;}\">\n\t\t\t\t\t<div class=\"e-con-inner\">\n\t\t<div class=\"elementor-element elementor-element-1d1445f e-con-full e-flex e-con e-child\" data-id=\"1d1445f\" data-element_type=\"container\">\n\t\t\t\t<div class=\"elementor-element elementor-element-746dee6 elementor-widget elementor-widget-image\" data-id=\"746dee6\" data-element_type=\"widget\" data-widget_type=\"image.default\">\n\t\t\t\t<div class=\"elementor-widget-container\">\n\t\t\t\t\t\t\t\t\t\t\t\t\t<img fetchpriority=\"high\" decoding=\"async\" width=\"700\" height=\"467\" src=\"https:\/\/interaction-leipzig.de\/neuanfang\/wp-content\/uploads\/2024\/06\/20181010_Many-More-Wilhelm-Leuschner-Platz-Foto-Cihan-Cakmak_small.jpg\" class=\"attachment-large size-large wp-image-3819\" alt=\"\" srcset=\"https:\/\/interaction-leipzig.de\/neuanfang\/wp-content\/uploads\/2024\/06\/20181010_Many-More-Wilhelm-Leuschner-Platz-Foto-Cihan-Cakmak_small.jpg 700w, https:\/\/interaction-leipzig.de\/neuanfang\/wp-content\/uploads\/2024\/06\/20181010_Many-More-Wilhelm-Leuschner-Platz-Foto-Cihan-Cakmak_small-300x200.jpg 300w, https:\/\/interaction-leipzig.de\/neuanfang\/wp-content\/uploads\/2024\/06\/20181010_Many-More-Wilhelm-Leuschner-Platz-Foto-Cihan-Cakmak_small-360x240.jpg 360w, https:\/\/interaction-leipzig.de\/neuanfang\/wp-content\/uploads\/2024\/06\/20181010_Many-More-Wilhelm-Leuschner-Platz-Foto-Cihan-Cakmak_small-600x400.jpg 600w\" sizes=\"(max-width: 700px) 100vw, 700px\" \/>\t\t\t\t\t\t\t\t\t\t\t\t\t<\/div>\n\t\t\t\t<\/div>\n\t\t\t\t<div class=\"elementor-element elementor-element-4504113 elementor-widget elementor-widget-text-editor\" data-id=\"4504113\" data-element_type=\"widget\" data-widget_type=\"text-editor.default\">\n\t\t\t\t<div class=\"elementor-widget-container\">\n\t\t\t\t\t\t\t<p>Instalaci\u00f3n interactiva muchos m\u00e1s en Wilhelm-Leuschner-Platz Leipzig, octubre de 2018. \/<br \/>Foto: Cihan Cakmak<\/p>\n\t\t\t\t\t\t<\/div>\n\t\t\t\t<\/div>\n\t\t\t\t<\/div>\n\t\t<div class=\"elementor-element elementor-element-7af24d8 e-con-full e-flex e-con e-child\" data-id=\"7af24d8\" data-element_type=\"container\">\n\t\t\t\t<div class=\"elementor-element elementor-element-fccdb8b elementor-widget elementor-widget-image\" data-id=\"fccdb8b\" data-element_type=\"widget\" data-widget_type=\"image.default\">\n\t\t\t\t<div class=\"elementor-widget-container\">\n\t\t\t\t\t\t\t\t\t\t\t\t\t<img decoding=\"async\" width=\"750\" height=\"437\" src=\"https:\/\/interaction-leipzig.de\/neuanfang\/wp-content\/uploads\/2022\/04\/DSC7448_c_AnjaStopp_1-2048x1194-1-1024x597.jpeg\" class=\"attachment-large size-large wp-image-3507\" alt=\"\" srcset=\"https:\/\/interaction-leipzig.de\/neuanfang\/wp-content\/uploads\/2022\/04\/DSC7448_c_AnjaStopp_1-2048x1194-1-1024x597.jpeg 1024w, https:\/\/interaction-leipzig.de\/neuanfang\/wp-content\/uploads\/2022\/04\/DSC7448_c_AnjaStopp_1-2048x1194-1-300x175.jpeg 300w, https:\/\/interaction-leipzig.de\/neuanfang\/wp-content\/uploads\/2022\/04\/DSC7448_c_AnjaStopp_1-2048x1194-1-768x448.jpeg 768w, https:\/\/interaction-leipzig.de\/neuanfang\/wp-content\/uploads\/2022\/04\/DSC7448_c_AnjaStopp_1-2048x1194-1-1536x896.jpeg 1536w, https:\/\/interaction-leipzig.de\/neuanfang\/wp-content\/uploads\/2022\/04\/DSC7448_c_AnjaStopp_1-2048x1194-1.jpeg 2048w\" sizes=\"(max-width: 750px) 100vw, 750px\" \/>\t\t\t\t\t\t\t\t\t\t\t\t\t<\/div>\n\t\t\t\t<\/div>\n\t\t\t\t<div class=\"elementor-element elementor-element-b2b89ac elementor-widget elementor-widget-text-editor\" data-id=\"b2b89ac\" data-element_type=\"widget\" data-widget_type=\"text-editor.default\">\n\t\t\t\t<div class=\"elementor-widget-container\">\n\t\t\t\t\t\t\t<p>Foto \/ <em>foto<\/em>: Anja Stopp<\/p>\n\t\t\t\t\t\t<\/div>\n\t\t\t\t<\/div>\n\t\t\t\t<\/div>\n\t\t\t\t\t<\/div>\n\t\t\t\t<\/div>\n\t\t\t\t<\/div>\n\t\t","protected":false},"excerpt":{"rendered":"<p>Donaciones Tu donaci\u00f3n para el empoderamiento, la participaci\u00f3n y una sociedad diversa Desde que se fund\u00f3 la asociaci\u00f3n en 2015, interaction Leipzig e.V. se ha comprometido con el empoderamiento y la participaci\u00f3n de todas las personas de Leipzig. Cada a\u00f1o, m\u00e1s de 20 miembros de la asociaci\u00f3n y m\u00e1s de [&hellip;]<\/p>\n","protected":false},"author":12,"featured_media":0,"parent":0,"menu_order":0,"comment_status":"closed","ping_status":"closed","template":"page-templates\/template-pagebuilder-full-width.php","meta":{"_acf_changed":false,"footnotes":""},"class_list":["post-4235","page","type-page","status-publish","hentry"],"acf":[],"_links":{"self":[{"href":"https:\/\/interaction-leipzig.de\/neuanfang\/es\/wp-json\/wp\/v2\/pages\/4235","targetHints":{"allow":["GET"]}}],"collection":[{"href":"https:\/\/interaction-leipzig.de\/neuanfang\/es\/wp-json\/wp\/v2\/pages"}],"about":[{"href":"https:\/\/interaction-leipzig.de\/neuanfang\/es\/wp-json\/wp\/v2\/types\/page"}],"author":[{"embeddable":true,"href":"https:\/\/interaction-leipzig.de\/neuanfang\/es\/wp-json\/wp\/v2\/users\/12"}],"replies":[{"embeddable":true,"href":"https:\/\/interaction-leipzig.de\/neuanfang\/es\/wp-json\/wp\/v2\/comments?post=4235"}],"version-history":[{"count":2,"href":"https:\/\/interaction-leipzig.de\/neuanfang\/es\/wp-json\/wp\/v2\/pages\/4235\/revisions"}],"predecessor-version":[{"id":4239,"href":"https:\/\/interaction-leipzig.de\/neuanfang\/es\/wp-json\/wp\/v2\/pages\/4235\/revisions\/4239"}],"wp:attachment":[{"href":"https:\/\/interaction-leipzig.de\/neuanfang\/es\/wp-json\/wp\/v2\/media?parent=4235"}],"curies":[{"name":"wp","href":"https:\/\/api.w.org\/{rel}","templated":true}]}}