{"id":4215,"date":"2024-06-05T15:58:50","date_gmt":"2024-06-05T13:58:50","guid":{"rendered":"https:\/\/interaction-leipzig.de\/neuanfang\/pie-de-imprenta\/"},"modified":"2024-07-05T03:16:29","modified_gmt":"2024-07-05T01:16:29","slug":"pie-de-imprenta","status":"publish","type":"page","link":"https:\/\/interaction-leipzig.de\/neuanfang\/es\/pie-de-imprenta\/","title":{"rendered":"Pie de imprenta"},"content":{"rendered":"\t\t<div data-elementor-type=\"wp-page\" data-elementor-id=\"4215\" class=\"elementor elementor-4215 elementor-2105\" data-elementor-post-type=\"page\">\n\t\t\t\t<div class=\"elementor-element elementor-element-c063900 e-flex e-con-boxed e-con e-parent\" data-id=\"c063900\" data-element_type=\"container\">\n\t\t\t\t\t<div class=\"e-con-inner\">\n\t\t<div class=\"elementor-element elementor-element-d834065 e-con-full e-flex elementor-invisible e-con e-child\" data-id=\"d834065\" data-element_type=\"container\" data-settings=\"{&quot;animation&quot;:&quot;fadeIn&quot;}\">\n\t\t<div class=\"elementor-element elementor-element-156abe0 e-con-full e-flex elementor-invisible e-con e-child\" data-id=\"156abe0\" data-element_type=\"container\" data-settings=\"{&quot;animation&quot;:&quot;fadeIn&quot;}\">\n\t\t\t\t<div class=\"elementor-element elementor-element-8b40d6f elementor-invisible elementor-widget elementor-widget-heading\" data-id=\"8b40d6f\" data-element_type=\"widget\" data-settings=\"{&quot;_animation&quot;:&quot;fadeIn&quot;}\" data-widget_type=\"heading.default\">\n\t\t\t\t<div class=\"elementor-widget-container\">\n\t\t\t<style>\/*! elementor - v3.23.0 - 25-07-2024 *\/\n.elementor-heading-title{padding:0;margin:0;line-height:1}.elementor-widget-heading .elementor-heading-title[class*=elementor-size-]>a{color:inherit;font-size:inherit;line-height:inherit}.elementor-widget-heading .elementor-heading-title.elementor-size-small{font-size:15px}.elementor-widget-heading .elementor-heading-title.elementor-size-medium{font-size:19px}.elementor-widget-heading .elementor-heading-title.elementor-size-large{font-size:29px}.elementor-widget-heading .elementor-heading-title.elementor-size-xl{font-size:39px}.elementor-widget-heading .elementor-heading-title.elementor-size-xxl{font-size:59px}<\/style><h1 class=\"elementor-heading-title elementor-size-default\">Pie de imprenta<\/h1>\t\t<\/div>\n\t\t\t\t<\/div>\n\t\t\t\t<div class=\"elementor-element elementor-element-1381443 elementor-widget elementor-widget-text-editor\" data-id=\"1381443\" data-element_type=\"widget\" data-widget_type=\"text-editor.default\">\n\t\t\t\t<div class=\"elementor-widget-container\">\n\t\t\t<style>\/*! elementor - v3.23.0 - 25-07-2024 *\/\n.elementor-widget-text-editor.elementor-drop-cap-view-stacked .elementor-drop-cap{background-color:#69727d;color:#fff}.elementor-widget-text-editor.elementor-drop-cap-view-framed .elementor-drop-cap{color:#69727d;border:3px solid;background-color:transparent}.elementor-widget-text-editor:not(.elementor-drop-cap-view-default) .elementor-drop-cap{margin-top:8px}.elementor-widget-text-editor:not(.elementor-drop-cap-view-default) .elementor-drop-cap-letter{width:1em;height:1em}.elementor-widget-text-editor .elementor-drop-cap{float:left;text-align:center;line-height:1;font-size:50px}.elementor-widget-text-editor .elementor-drop-cap-letter{display:inline-block}<\/style>\t\t\t\t<p>interacci\u00f3n Leipzig e.V.<br \/>Arno-Nitzsche-Strasse 37<br \/>04277 Leipzig<br \/>Tel\u00e9fono: 015115519502<br \/><a href=\"kontakt@interaction-leipzig.de\">kontakt@interaction-leipzig.de<\/a><\/p>\n<p><strong>Registra la entrada:<\/strong><br \/>Inscrita en el registro de asociaciones<br \/>Tribunal de registro: Leipzig<br \/>N\u00famero de registro: 5806<\/p>\n<p><strong>Representado por:<\/strong><br \/>Franz Ecker (Junta Directiva)<br \/>Pedro Henrique Risse (Consejo de Administraci\u00f3n)<br \/>Daniela Delphine D\u00f6ring (Consejo de Administraci\u00f3n)<\/p>\n<p><strong>Desarrollo y dise\u00f1o web:<\/strong><br \/><a href=\"https:\/\/www.behance.net\/tatifinch\"><a href=\"https:\/\/www.behance.net\/tatifinch\">Tatiana Pinz\u00f3n<\/a><\/a><\/p>\n<p><strong>Derechos de imagen:<\/strong><br \/>Sigue<br \/>Sebasti\u00e1n Bruch<\/p>\n\t\t\t\t\t\t<\/div>\n\t\t\t\t<\/div>\n\t\t\t\t<div class=\"elementor-element elementor-element-712cb03 elementor-widget__width-initial elementor-invisible elementor-widget elementor-widget-text-editor\" data-id=\"712cb03\" data-element_type=\"widget\" data-settings=\"{&quot;_animation&quot;:&quot;fadeIn&quot;}\" data-widget_type=\"text-editor.default\">\n\t\t\t\t<div class=\"elementor-widget-container\">\n\t\t\t\t\t\t\t<h1><b>Descargo de responsabilidad &#8211; informaci\u00f3n legal<\/b><\/h1>\n<p><b>Derecho de informaci\u00f3n y cancelaci\u00f3n<\/b><\/p>\n<p><span>Tienes derecho a preguntar sobre los datos recogidos sobre ti en cualquier momento, de forma gratuita y sin demora. Tambi\u00e9n puedes revocar tu consentimiento para el uso de tus datos personales con efectos para el futuro. Para ello, ponte en contacto con el proveedor de servicios especificado en el aviso legal.<\/span><\/p>\n<p><b>Protecci\u00f3n de datos (general)<\/b><\/p>\n<p><span>Cuando accedes a nuestro sitio web, se registra autom\u00e1ticamente informaci\u00f3n general (los llamados archivos de registro del servidor). Entre ellos est\u00e1n el navegador web que utilizas, tu sistema operativo y tu proveedor de servicios de Internet. Estos datos no permiten sacar conclusiones sobre tu persona y son analizados estad\u00edsticamente por nosotros para mejorar nuestro sitio web desde el punto de vista t\u00e9cnico y de contenido. La recogida de esta informaci\u00f3n es necesaria para poder ofrecer correctamente el contenido del sitio web.<\/span><\/p>\n<p><span>En general, es posible utilizar el sitio web sin proporcionar datos personales. En la medida en que se recojan datos personales (por ejemplo, nombre, direcci\u00f3n o direcciones de correo electr\u00f3nico), siempre se har\u00e1 de forma voluntaria en la medida de lo posible. Estos datos no se transmitir\u00e1n a terceros sin tu consentimiento expreso.<\/span><\/p>\n<p><span>Si se va a establecer, desarrollar o modificar una relaci\u00f3n contractual, o si nos env\u00edas una consulta, recogemos y utilizamos tus datos personales en la medida en que sea necesario para este fin (datos de inventario). Recogemos, procesamos y utilizamos datos personales en la medida en que sea necesario para que puedas utilizar el sitio web (datos de uso). Todos los datos personales s\u00f3lo se almacenar\u00e1n durante el tiempo que sea necesario para el fin indicado (procesar tu consulta o gestionar un contrato). Tenemos en cuenta los periodos de conservaci\u00f3n seg\u00fan la legislaci\u00f3n fiscal y mercantil. Por orden de las autoridades competentes, debemos facilitar informaci\u00f3n sobre estos datos (datos de inventario) en casos concretos, siempre que sea necesario para fines de persecuci\u00f3n penal, para evitar peligros, para cumplir las obligaciones legales de las autoridades de protecci\u00f3n constitucional o del Servicio de Contrainteligencia Militar o para hacer valer los derechos de propiedad intelectual.<\/span><\/p>\n<p><span>Se\u00f1alamos expresamente que la transmisi\u00f3n de datos en Internet (por ejemplo, al comunicarse por correo electr\u00f3nico) puede tener lagunas de seguridad. El acceso a los datos no puede protegerse completamente.<\/span><\/p>\n<p><span>Queda expresamente prohibido el uso de los datos de contacto publicados en el contexto de la obligaci\u00f3n de pie de imprenta por parte de terceros para enviar publicidad y materiales informativos no solicitados. Se except\u00faan de esto las relaciones comerciales existentes o que hayas recibido el correspondiente consentimiento por nuestra parte.<\/span><\/p>\n<p><span>Los proveedores y todos los terceros mencionados en este sitio web se reservan expresamente el derecho a emprender acciones legales en caso de env\u00edo no solicitado de informaci\u00f3n publicitaria. Lo mismo se aplica al uso comercial y a la transmisi\u00f3n de los datos.<\/span><\/p>\n<p><b>Protecci\u00f3n de datos (funci\u00f3n comentario)<\/b><\/p>\n<p><span>Como parte de la funci\u00f3n de comentarios en nuestro blog, s\u00f3lo recopilamos datos personales (por ejemplo, nombre, correo electr\u00f3nico) en el contexto de tu comentario sobre una entrada en la medida en que nos los hayas proporcionado. Al publicar un comentario, la direcci\u00f3n de correo electr\u00f3nico que proporciones se guardar\u00e1 pero no se publicar\u00e1. Se publicar\u00e1 tu nombre. Tambi\u00e9n puedes utilizar un seud\u00f3nimo.<\/span><\/p>\n<p><b>Pol\u00edtica de privacidad Plugins de Facebook (bot\u00f3n Me gusta, etc.)<\/b><\/p>\n<p><span>En este sitio web se implementan plugins del proveedor de redes sociales Facebook.com (para Europa: Facebook Ireland Limited, 4 Grand Canal Square, Dubl\u00edn 2, Irlanda; para EE.UU.: Facebook Inc., 1601 Willow Road, Menlo Park, CA 94025, EE.UU.). Puedes encontrar una visi\u00f3n general de los plugins de Facebook aqu\u00ed:  <\/span><a href=\"https:\/\/developers.facebook.com\/docs\/plugins\/\"><br \/>\n  <span>https:\/\/developers.facebook.com\/docs\/plugins\/<\/span><br \/>\n<\/a><span>.<\/span><\/p>\n<p><span>Cuando visitas p\u00e1ginas con plugins de Facebook, el plugin establece una conexi\u00f3n entre tu navegador y un servidor de Facebook. Esto proporciona a Facebook informaci\u00f3n sobre tu direcci\u00f3n IP y tu visita a nuestro sitio web.<\/span><\/p>\n<p><span>Al hacer clic en los plugins de Facebook, acceder\u00e1s al \u00e1rea de inicio de sesi\u00f3n de Facebook. Los usuarios de Facebook que ya hayan iniciado sesi\u00f3n pueden publicar inmediatamente contenidos de nuestro sitio web en sus perfiles de Facebook. Como resultado del uso de estos plugins, Facebook puede asignar la visita a nuestro sitio web a tu cuenta personal de usuario. Se\u00f1alamos expresamente que, como proveedores de este sitio web, no tenemos conocimiento del contenido de los datos transmitidos ni de su uso por parte de Facebook. Puedes encontrar m\u00e1s informaci\u00f3n sobre la protecci\u00f3n de datos por parte de Facebook en:  <\/span><a href=\"https:\/\/de-de.facebook.com\/policy.php\"><br \/>\n  <span>https:\/\/de-de.facebook.com\/policy.php<\/span><br \/>\n<\/a><span>.<\/span><\/p>\n<p><span>Para evitar que Facebook vincule tu visita a nuestro sitio web con tu cuenta de usuario, debes cerrar la sesi\u00f3n de tu cuenta de Facebook.<\/span><\/p>\n<p><span> <\/span><\/p>\n<p><b>Exenci\u00f3n de responsabilidad<\/b><\/p>\n<ol>\n<li><b>  Responsabilidad por el contenido<\/b><\/li>\n<\/ol>\n<p><span>Como proveedor de servicios, estamos obligados seg\u00fan el \u00a7 7 p\u00e1rr. 1 TMG para contenidos propios en estas p\u00e1ginas de acuerdo con las leyes generales. Sin embargo, seg\u00fan los \u00a7\u00a7 8 a 10 de la TMG, como proveedor de servicios no estamos obligados a controlar la informaci\u00f3n de terceros transmitida o almacenada, ni a investigar circunstancias que indiquen una actividad ilegal. Esto no afecta a las obligaciones de eliminar o bloquear el uso de informaci\u00f3n de acuerdo con la legislaci\u00f3n general. Sin embargo, la responsabilidad a este respecto s\u00f3lo es posible a partir del momento en que se tiene conocimiento de una infracci\u00f3n concreta. Tan pronto como tengamos conocimiento de tales infracciones, eliminaremos este contenido inmediatamente.<\/span><\/p>\n<ol start=\"2\">\n<li><b>  Responsabilidad de los enlaces<\/b><\/li>\n<\/ol>\n<p><span>Este sitio web contiene enlaces a sitios web externos de terceros sobre cuyo contenido no se puede ejercer ninguna influencia. Por lo tanto, no se puede aceptar ninguna responsabilidad por este contenido de terceros. El respectivo proveedor u operador de las p\u00e1ginas es siempre responsable del contenido de las p\u00e1ginas enlazadas. Las p\u00e1ginas enlazadas se comprobaron para detectar posibles infracciones legales en el momento de enlazarlas. Los contenidos ilegales no eran reconocibles en el momento del enlace. Sin embargo, la vigilancia permanente del contenido de las p\u00e1ginas enlazadas no es razonable sin pruebas concretas de una infracci\u00f3n. Si tenemos conocimiento de alguna infracci\u00f3n, eliminaremos inmediatamente los enlaces de este sitio web al sitio infractor.<\/span><\/p>\n<ol start=\"3\">\n<li><b>  Derechos de autor<\/b><\/li>\n<\/ol>\n<p><span>El contenido y las obras de estas p\u00e1ginas creadas por los proveedores de servicios, sus empleados y terceros autorizados est\u00e1n sujetos a la legislaci\u00f3n alemana sobre derechos de autor. La reproducci\u00f3n, edici\u00f3n, distribuci\u00f3n y cualquier tipo de utilizaci\u00f3n fuera de los l\u00edmites de la ley de derechos de autor requieren el consentimiento previo por escrito del autor o creador respectivo. Las descargas y copias de este sitio s\u00f3lo est\u00e1n permitidas para uso privado y no comercial. En la medida en que el contenido de este sitio no haya sido creado por el operador, se respetan los derechos de autor de terceros. En particular, los contenidos de terceros se etiquetan como tales. Si, a pesar de todo, tuvieras conocimiento de una infracci\u00f3n de los derechos de autor, te rogamos que nos lo comuniques. Si tenemos conocimiento de alguna infracci\u00f3n, dicho contenido ser\u00e1 eliminado inmediatamente.<\/span><\/p>\n\t\t\t\t\t\t<\/div>\n\t\t\t\t<\/div>\n\t\t\t\t<\/div>\n\t\t\t\t<\/div>\n\t\t\t\t\t<\/div>\n\t\t\t\t<\/div>\n\t\t\t\t<\/div>\n\t\t","protected":false},"excerpt":{"rendered":"<p>Pie de imprenta interacci\u00f3n Leipzig e.V.Arno-Nitzsche-Strasse 3704277 LeipzigTel\u00e9fono: 015115519502kontakt@interaction-leipzig.de Registra la entrada:Inscrita en el registro de asociacionesTribunal de registro: LeipzigN\u00famero de registro: 5806 Representado por:Franz Ecker (Junta Directiva)Pedro Henrique Risse (Consejo de Administraci\u00f3n)Daniela Delphine D\u00f6ring (Consejo de Administraci\u00f3n) Desarrollo y dise\u00f1o web:Tatiana Pinz\u00f3n Derechos de imagen:SigueSebasti\u00e1n Bruch Descargo de responsabilidad [&hellip;]<\/p>\n","protected":false},"author":12,"featured_media":0,"parent":0,"menu_order":0,"comment_status":"closed","ping_status":"closed","template":"page-templates\/template-pagebuilder-full-width.php","meta":{"_acf_changed":false,"footnotes":""},"class_list":["post-4215","page","type-page","status-publish","hentry"],"acf":[],"_links":{"self":[{"href":"https:\/\/interaction-leipzig.de\/neuanfang\/es\/wp-json\/wp\/v2\/pages\/4215","targetHints":{"allow":["GET"]}}],"collection":[{"href":"https:\/\/interaction-leipzig.de\/neuanfang\/es\/wp-json\/wp\/v2\/pages"}],"about":[{"href":"https:\/\/interaction-leipzig.de\/neuanfang\/es\/wp-json\/wp\/v2\/types\/page"}],"author":[{"embeddable":true,"href":"https:\/\/interaction-leipzig.de\/neuanfang\/es\/wp-json\/wp\/v2\/users\/12"}],"replies":[{"embeddable":true,"href":"https:\/\/interaction-leipzig.de\/neuanfang\/es\/wp-json\/wp\/v2\/comments?post=4215"}],"version-history":[{"count":2,"href":"https:\/\/interaction-leipzig.de\/neuanfang\/es\/wp-json\/wp\/v2\/pages\/4215\/revisions"}],"predecessor-version":[{"id":4218,"href":"https:\/\/interaction-leipzig.de\/neuanfang\/es\/wp-json\/wp\/v2\/pages\/4215\/revisions\/4218"}],"wp:attachment":[{"href":"https:\/\/interaction-leipzig.de\/neuanfang\/es\/wp-json\/wp\/v2\/media?parent=4215"}],"curies":[{"name":"wp","href":"https:\/\/api.w.org\/{rel}","templated":true}]}}